{"id":1093,"date":"2020-06-16T22:28:12","date_gmt":"2020-06-16T22:28:12","guid":{"rendered":"https:\/\/bioay.org\/?page_id=1093"},"modified":"2020-09-04T12:20:21","modified_gmt":"2020-09-04T12:20:21","slug":"agricultura-en-la-bioay","status":"publish","type":"page","link":"https:\/\/bioay.org\/?page_id=1093","title":{"rendered":"Agricultura en la BIOAY"},"content":{"rendered":"<p>[vc_row][vc_column][vc_single_image image=\u00bb1412&#8243; img_size=\u00bb900&#215;550&#8243; alignment=\u00bbcenter\u00bb css_animation=\u00bbleft-to-right\u00bb][\/vc_column][\/vc_row][vc_row][vc_column][vc_column_text]<\/p>\n<blockquote>\n<p style=\"text-align: center;\">El \u00e1rea agr\u00edcola de la BIOAY, equivalente a 113 935 hect\u00e1reas, dispone de las aguas de lluvia, teniendo principalmente un r\u00e9gimen de secano. Se desarrolla por ello, una campa\u00f1a al a\u00f1o. S\u00f3lo el 0.4% del \u00e1rea agr\u00edcola es irrigada mediante infraestructura de propiedad individual.<\/p>\n<\/blockquote>\n<p style=\"text-align: justify;\">El \u00e1rea agr\u00edcola provincial est\u00e1 orientada a tres objetivos: para alimentos de consumo humano, para uso pecuario con los pastos cultivados, y para uso forestal. Cabe mencionar que no necesariamente hay correspondencia entre las vocaciones del suelo y los usos que se le da; as\u00ed, \u00e1reas declaradas forestales o de protecci\u00f3n se utilizan para cultivos. En el per\u00edodo 2005 a 2009, se aprecia que en la provincia se lleg\u00f3 a sembrar hasta 33 469 hect\u00e1reas, destinados al consumo humano e industrial, el incremento considerable de las \u00e1reas de cultivo en los \u00faltimos a\u00f1os, se debe a que algunos distritos vienen especializ\u00e1ndose en determinados cultivos como el caso del caf\u00e9 de Villa Rica, el cultivo de la granadilla en los distritos de Huancabamba, Chontabamba, Oxapampa, el cultivo del pl\u00e1tano en el distrito de Puerto Berm\u00fadez.<\/p>\n<p style=\"text-align: justify;\">Siendo, la agricultura la actividad econ\u00f3mica, m\u00e1s importante de la provincia de Oxapampa, del total de \u00e1reas disponibles se cultiva al presente a\u00f1o el 29,25% (34 469 has). Los principales productos agr\u00edcolas cultivados son:<strong> caf\u00e9, palta, pl\u00e1tano, yuca, menestras, rocoto, c\u00edtricos, pi\u00f1a, granadilla, zapallo, palmito, ma\u00edz, achiote, papa, arroz, papaya, cacao y frijol.<\/strong><\/p>\n<p>&nbsp;<\/p>\n<p style=\"text-align: justify;\"><strong>PRINCIPALES CULTIVOS<br \/>\n<\/strong><br \/>\n<strong>Cultivo del caf\u00e9:<\/strong> Es uno de los m\u00e1s importantes, por el \u00e1rea cultivada (7 804 has), por el nivel de empleo directo e indirecto que genera, por el valor agregado que incorpora, y por su capacidad de generaci\u00f3n de excedentes y reinversi\u00f3n. Sobresale el distrito de Villa Rica, con el 75 % de la superficie cultivada a nivel provincial.<\/p>\n<p style=\"text-align: justify;\">Merece destacar el tema del caf\u00e9 de Villa Rica. Seg\u00fan se se\u00f1ala, su cultivo fue introducido por inmigrantes de origen alem\u00e1n en la d\u00e9cada de 1930, quienes sentaron las bases de una industria que actualmente significa para el Per\u00fa ganancias de US$200 millones anuales. El Per\u00fa ha encontrado un nicho \u00fanico en el competitivo y lucrativo mundo del mercado del caf\u00e9 y actualmente es el segundo exportador m\u00e1s grande en la especialidad de caf\u00e9 org\u00e1nico.<\/p>\n<p style=\"text-align: justify;\"><strong>Cultivo del Achiote;<\/strong> Sobresale el distrito de Puerto Berm\u00fadez con 1 012 ha de cultivo. Sus rendimientos bordean los 1 500 kg \/ha, \u00edndice muy superior al promedio nacional (600 kg \/ha), a pesar de la escasa tecnolog\u00eda empleada.<\/p>\n<p style=\"text-align: justify;\"><strong>Cultivo de Granadilla;<\/strong> Se cultiva en un \u00e1rea de 1 258 Ha43, de las cuales el distrito de Huancabamba posee el 56.6%, y lo restante Oxapampa, Chontabamba, Villa Rica y Pozuzo. El rendimiento por hect\u00e1rea promedia los 7 865 kg, poco menor al promedio nacional (8 500 kg \/ha). Su cultivo se viene expandiendo r\u00e1pidamente por los buenos precios y la calidad de la producci\u00f3n.<\/p>\n<p style=\"text-align: justify;\"><strong>Cultivo de Yuca<\/strong>; Con 4 506 has, es esencial en la base alimenticia de la poblaci\u00f3n nativa de Puerto Berm\u00fadez, donde se cultiva el 84% de este producto.<\/p>\n<p style=\"text-align: justify;\"><strong>Cultivo del Rocoto<\/strong>; Con 414 has, se cultiva principalmente en los distritos de Oxapampa (200 has), Huancabamba (113 has) y Villa Rica (136 has). Alcanza un rendimiento promedio de 12 000 kg \/ha.<\/p>\n<p><strong>CULTIVOS A NIVEL DE DISTRITOS<\/strong><\/p>\n<p><strong>Las principales zonas productoras de caf\u00e9 en Villa Rica est\u00e1n en:<\/strong><\/p>\n<ul>\n<li>Microcuenca R\u00edo Entaz (Oconal, Cedropampa, Entaz Bajo y Alto, Cascadas, Mariscal,Sanchirio, Uni\u00f3n (bajo y Alto), Santa Erminia.<\/li>\n<li>Microcuenca Lirena, Yezu, Bocas.<\/li>\n<li>Microcuenca Entrer\u00edos, Oy\u00f3n y Canal de Piedra.]<\/li>\n<li>Microcuenca Ene\u00f1as, Alto y Bajo Mayne, Quebrada Seca, Mellizos, Santa Felicia, Yurinaki.<\/li>\n<li>Cacaz\u00fa, Alto y Bajo San Antonio, Ubiriki, Puelles, Alto y Bajo Ulcumaz.<\/li>\n<li>Microcuenca Puente Paucartambo, \u00d1agazu, R\u00edo La Sal, Puente Encantada, Alto Churumaz\u00fa, Santa Elena y Sogormo.<\/li>\n<\/ul>\n<p><strong>En Huancabamba:<\/strong><\/p>\n<ul>\n<li>Cultivo de caf\u00e9: Ancahuachan\u00e1n.<\/li>\n<li>Cultivo de granadilla: Mallampampa.<\/li>\n<li>Cultivo de rocoto: Lanturachi, San Pedro y Agua Salada, seguido de otras \u00e1reas como Grapanaz\u00fa, Miskipata, Huancabamba, Navarra \u2013 Monte Carlo, San Daniel, Monopata y Purumayo.<\/li>\n<\/ul>\n<p><strong>En Chontabamba:<\/strong><\/p>\n<p>En el cultivo de caf\u00e9: Pusapno (San Francisco, Las Palmeras, Loreto, Agua Fresca, Machicura, Torrebamba, Pampa Hermosa, Mar\u00eda Teresa y Pucuy) y Gramaz\u00fa (Zipizu, San Jorge, Tsachopen, Miraflores, San Roque y Alto Gramaz\u00fa).<br \/>\nEn rocoto, zapallo y ma\u00edz (Tingo, Dos de Mayo, San Jos\u00e9, Pusapno, San Marcos, Polvor\u00edn y Gramaz\u00fa).<br \/>\nEn el cultivo de Granadilla: Gramaz\u00fa, Pusapno, Churumaz\u00fa y la Suiza Baja.<\/p>\n<p><strong>En Oxapampa:<\/strong><\/p>\n<ul>\n<li>En los cultivos de granadilla y en rocoto: Chacos, San Alberto, Cantarizu, Santa Cruz, Alto Acuzaz\u00fa y Para\u00edso.<\/li>\n<li>En el cultivo de palta: Cantarizu, Mesapata y Sogormo.<\/li>\n<li>En el cultivo de zapallo: Miraflores. En Pl\u00e1tano: Mesapata y Paucartambo. En caf\u00e9: Acuzazu, r\u00edo Pisco, Mesapata, Churumaz\u00fa y Alto Churumaz\u00fa.<\/li>\n<\/ul>\n<p><strong>En Palcaz\u00fa:<\/strong><\/p>\n<p>Valle de Palcaz\u00fa (comunidades nativas y ribera de r\u00edos): 7 de Junio, Buenos Aires, Loma Linda &#8211; Puerto Lagunas, Alto Lagarto, Shiringamaz\u00fa, Santa Rosa de Chuchurras, Mazuhuazu, Ri\u00f3 Negro, San Crist\u00f3bal y Puerto Mayro hacia Codo de Pozuzo.<\/p>\n<p>Son propicias para: pi\u00f1as, arroz, caf\u00e9, pimienta, cacao, achiote, anona, entre otros.<\/p>\n<p><strong>En Puerto Berm\u00fadez:<\/strong><\/p>\n<p style=\"text-align: justify;\">Cahuapanas, San Pablo, San Juan de Dios, San Jos\u00e9 de Azupizu, San Juan de Dios, San Pedro, Capelo, San Pablo, Sardis y Mapirishari; en cultivos como achiote, arroz, ma\u00edz amarillo duro, yuca y pl\u00e1tano principalmente.<\/p>\n<p style=\"text-align: justify;\">Los distritos que acceden en mayor medida al mercado, porque sus v\u00edas est\u00e1n en mejores condiciones y por las menores distancias a los mercados extraprovinciales y locales son Villa Rica con el caf\u00e9; y Huancabamba, Oxapampa y Chontabamba, con cultivos como rocoto, zapallo y granadilla.<\/p>\n<p style=\"text-align: justify;\">El medio de transporte m\u00e1s utilizado para la comercializaci\u00f3n de productos es el terrestre, utiliz\u00e1ndose en su mayor\u00eda camiones.<\/p>\n<p style=\"text-align: right;\">Fuente: peru.gob.pe<\/p>\n<p>[\/vc_column_text][\/vc_column][\/vc_row]<\/p>\n","protected":false},"excerpt":{"rendered":"<p>[vc_row][vc_column][vc_single_image image=\u00bb1412&#8243; img_size=\u00bb900&#215;550&#8243; alignment=\u00bbcenter\u00bb css_animation=\u00bbleft-to-right\u00bb][\/vc_column][\/vc_row][vc_row][vc_column][vc_column_text] El \u00e1rea agr\u00edcola de la BIOAY, equivalente a 113 935 hect\u00e1reas, dispone de las aguas de lluvia, teniendo principalmente un r\u00e9gimen de secano. Se desarrolla por ello, una campa\u00f1a al a\u00f1o. S\u00f3lo el 0.4% del \u00e1rea agr\u00edcola es irrigada mediante infraestructura de propiedad individual. El \u00e1rea agr\u00edcola provincial est\u00e1 orientada&hellip;<\/p>\n","protected":false},"author":4,"featured_media":0,"parent":1098,"menu_order":0,"comment_status":"closed","ping_status":"closed","template":"","meta":{"_joinchat":[]},"class_list":["post-1093","page","type-page","status-publish","hentry","description-off"],"yoast_head":"<!-- This site is optimized with the Yoast SEO plugin v26.2 - https:\/\/yoast.com\/wordpress\/plugins\/seo\/ -->\n<title>Agricultura en la BIOAY - BIOAY<\/title>\n<meta name=\"robots\" content=\"index, follow, max-snippet:-1, max-image-preview:large, max-video-preview:-1\" \/>\n<link rel=\"canonical\" href=\"https:\/\/bioay.org\/?page_id=1093\" \/>\n<meta property=\"og:locale\" content=\"es_ES\" \/>\n<meta property=\"og:type\" content=\"article\" \/>\n<meta property=\"og:title\" content=\"Agricultura en la BIOAY - BIOAY\" \/>\n<meta property=\"og:description\" content=\"[vc_row][vc_column][vc_single_image image=\u00bb1412&#8243; img_size=\u00bb900&#215;550&#8243; alignment=\u00bbcenter\u00bb css_animation=\u00bbleft-to-right\u00bb][\/vc_column][\/vc_row][vc_row][vc_column][vc_column_text] El \u00e1rea agr\u00edcola de la BIOAY, equivalente a 113 935 hect\u00e1reas, dispone de las aguas de lluvia, teniendo principalmente un r\u00e9gimen de secano. Se desarrolla por ello, una campa\u00f1a al a\u00f1o. S\u00f3lo el 0.4% del \u00e1rea agr\u00edcola es irrigada mediante infraestructura de propiedad individual. El \u00e1rea agr\u00edcola provincial est\u00e1 orientada&hellip;\" \/>\n<meta property=\"og:url\" content=\"https:\/\/bioay.org\/?page_id=1093\" \/>\n<meta property=\"og:site_name\" content=\"BIOAY\" \/>\n<meta property=\"article:publisher\" content=\"https:\/\/web.facebook.com\/BIOAYOFICIAL\" \/>\n<meta property=\"article:modified_time\" content=\"2020-09-04T12:20:21+00:00\" \/>\n<meta name=\"twitter:card\" content=\"summary_large_image\" \/>\n<meta name=\"twitter:site\" content=\"@biosferaoxa\" \/>\n<meta name=\"twitter:label1\" content=\"Tiempo de lectura\" \/>\n\t<meta name=\"twitter:data1\" content=\"5 minutos\" \/>\n<script type=\"application\/ld+json\" class=\"yoast-schema-graph\">{\"@context\":\"https:\/\/schema.org\",\"@graph\":[{\"@type\":\"WebPage\",\"@id\":\"https:\/\/bioay.org\/?page_id=1093\",\"url\":\"https:\/\/bioay.org\/?page_id=1093\",\"name\":\"Agricultura en la BIOAY - BIOAY\",\"isPartOf\":{\"@id\":\"https:\/\/bioay.org\/#website\"},\"datePublished\":\"2020-06-16T22:28:12+00:00\",\"dateModified\":\"2020-09-04T12:20:21+00:00\",\"breadcrumb\":{\"@id\":\"https:\/\/bioay.org\/?page_id=1093#breadcrumb\"},\"inLanguage\":\"es\",\"potentialAction\":[{\"@type\":\"ReadAction\",\"target\":[\"https:\/\/bioay.org\/?page_id=1093\"]}]},{\"@type\":\"BreadcrumbList\",\"@id\":\"https:\/\/bioay.org\/?page_id=1093#breadcrumb\",\"itemListElement\":[{\"@type\":\"ListItem\",\"position\":1,\"name\":\"Portada\",\"item\":\"https:\/\/bioay.org\/\"},{\"@type\":\"ListItem\",\"position\":2,\"name\":\"Ganader\u00eda en la BIOAY\",\"item\":\"https:\/\/bioay.org\/?page_id=1098\"},{\"@type\":\"ListItem\",\"position\":3,\"name\":\"Agricultura en la BIOAY\"}]},{\"@type\":\"WebSite\",\"@id\":\"https:\/\/bioay.org\/#website\",\"url\":\"https:\/\/bioay.org\/\",\"name\":\"Reserva de Biosfera Oxapampa Ash\u00e1ninka Y\u00e1nesha\",\"description\":\"Reserva de Bi\u00f3sfera Oxapampa Ashaninka Yanesha\",\"publisher\":{\"@id\":\"https:\/\/bioay.org\/#organization\"},\"potentialAction\":[{\"@type\":\"SearchAction\",\"target\":{\"@type\":\"EntryPoint\",\"urlTemplate\":\"https:\/\/bioay.org\/?s={search_term_string}\"},\"query-input\":{\"@type\":\"PropertyValueSpecification\",\"valueRequired\":true,\"valueName\":\"search_term_string\"}}],\"inLanguage\":\"es\"},{\"@type\":\"Organization\",\"@id\":\"https:\/\/bioay.org\/#organization\",\"name\":\"Reserva de Biosfera Oxapampa Ash\u00e1ninka Y\u00e1nesha\",\"url\":\"https:\/\/bioay.org\/\",\"logo\":{\"@type\":\"ImageObject\",\"inLanguage\":\"es\",\"@id\":\"https:\/\/bioay.org\/#\/schema\/logo\/image\/\",\"url\":\"https:\/\/bioay.org\/wp-content\/uploads\/2020\/09\/logo-bioay-1.png\",\"contentUrl\":\"https:\/\/bioay.org\/wp-content\/uploads\/2020\/09\/logo-bioay-1.png\",\"width\":225,\"height\":225,\"caption\":\"Reserva de Biosfera Oxapampa Ash\u00e1ninka Y\u00e1nesha\"},\"image\":{\"@id\":\"https:\/\/bioay.org\/#\/schema\/logo\/image\/\"},\"sameAs\":[\"https:\/\/web.facebook.com\/BIOAYOFICIAL\",\"https:\/\/x.com\/biosferaoxa\",\"https:\/\/www.instagram.com\/biosferaoxapampa\/\",\"https:\/\/www.youtube.com\/channel\/UCKNpZrZsnVsKI4YgsaiTCbA\"]}]}<\/script>\n<!-- \/ Yoast SEO plugin. -->","yoast_head_json":{"title":"Agricultura en la BIOAY - BIOAY","robots":{"index":"index","follow":"follow","max-snippet":"max-snippet:-1","max-image-preview":"max-image-preview:large","max-video-preview":"max-video-preview:-1"},"canonical":"https:\/\/bioay.org\/?page_id=1093","og_locale":"es_ES","og_type":"article","og_title":"Agricultura en la BIOAY - BIOAY","og_description":"[vc_row][vc_column][vc_single_image image=\u00bb1412&#8243; img_size=\u00bb900&#215;550&#8243; alignment=\u00bbcenter\u00bb css_animation=\u00bbleft-to-right\u00bb][\/vc_column][\/vc_row][vc_row][vc_column][vc_column_text] El \u00e1rea agr\u00edcola de la BIOAY, equivalente a 113 935 hect\u00e1reas, dispone de las aguas de lluvia, teniendo principalmente un r\u00e9gimen de secano. Se desarrolla por ello, una campa\u00f1a al a\u00f1o. S\u00f3lo el 0.4% del \u00e1rea agr\u00edcola es irrigada mediante infraestructura de propiedad individual. El \u00e1rea agr\u00edcola provincial est\u00e1 orientada&hellip;","og_url":"https:\/\/bioay.org\/?page_id=1093","og_site_name":"BIOAY","article_publisher":"https:\/\/web.facebook.com\/BIOAYOFICIAL","article_modified_time":"2020-09-04T12:20:21+00:00","twitter_card":"summary_large_image","twitter_site":"@biosferaoxa","twitter_misc":{"Tiempo de lectura":"5 minutos"},"schema":{"@context":"https:\/\/schema.org","@graph":[{"@type":"WebPage","@id":"https:\/\/bioay.org\/?page_id=1093","url":"https:\/\/bioay.org\/?page_id=1093","name":"Agricultura en la BIOAY - BIOAY","isPartOf":{"@id":"https:\/\/bioay.org\/#website"},"datePublished":"2020-06-16T22:28:12+00:00","dateModified":"2020-09-04T12:20:21+00:00","breadcrumb":{"@id":"https:\/\/bioay.org\/?page_id=1093#breadcrumb"},"inLanguage":"es","potentialAction":[{"@type":"ReadAction","target":["https:\/\/bioay.org\/?page_id=1093"]}]},{"@type":"BreadcrumbList","@id":"https:\/\/bioay.org\/?page_id=1093#breadcrumb","itemListElement":[{"@type":"ListItem","position":1,"name":"Portada","item":"https:\/\/bioay.org\/"},{"@type":"ListItem","position":2,"name":"Ganader\u00eda en la BIOAY","item":"https:\/\/bioay.org\/?page_id=1098"},{"@type":"ListItem","position":3,"name":"Agricultura en la BIOAY"}]},{"@type":"WebSite","@id":"https:\/\/bioay.org\/#website","url":"https:\/\/bioay.org\/","name":"Reserva de Biosfera Oxapampa Ash\u00e1ninka Y\u00e1nesha","description":"Reserva de Bi\u00f3sfera Oxapampa Ashaninka Yanesha","publisher":{"@id":"https:\/\/bioay.org\/#organization"},"potentialAction":[{"@type":"SearchAction","target":{"@type":"EntryPoint","urlTemplate":"https:\/\/bioay.org\/?s={search_term_string}"},"query-input":{"@type":"PropertyValueSpecification","valueRequired":true,"valueName":"search_term_string"}}],"inLanguage":"es"},{"@type":"Organization","@id":"https:\/\/bioay.org\/#organization","name":"Reserva de Biosfera Oxapampa Ash\u00e1ninka Y\u00e1nesha","url":"https:\/\/bioay.org\/","logo":{"@type":"ImageObject","inLanguage":"es","@id":"https:\/\/bioay.org\/#\/schema\/logo\/image\/","url":"https:\/\/bioay.org\/wp-content\/uploads\/2020\/09\/logo-bioay-1.png","contentUrl":"https:\/\/bioay.org\/wp-content\/uploads\/2020\/09\/logo-bioay-1.png","width":225,"height":225,"caption":"Reserva de Biosfera Oxapampa Ash\u00e1ninka Y\u00e1nesha"},"image":{"@id":"https:\/\/bioay.org\/#\/schema\/logo\/image\/"},"sameAs":["https:\/\/web.facebook.com\/BIOAYOFICIAL","https:\/\/x.com\/biosferaoxa","https:\/\/www.instagram.com\/biosferaoxapampa\/","https:\/\/www.youtube.com\/channel\/UCKNpZrZsnVsKI4YgsaiTCbA"]}]}},"_links":{"self":[{"href":"https:\/\/bioay.org\/index.php?rest_route=\/wp\/v2\/pages\/1093","targetHints":{"allow":["GET"]}}],"collection":[{"href":"https:\/\/bioay.org\/index.php?rest_route=\/wp\/v2\/pages"}],"about":[{"href":"https:\/\/bioay.org\/index.php?rest_route=\/wp\/v2\/types\/page"}],"author":[{"embeddable":true,"href":"https:\/\/bioay.org\/index.php?rest_route=\/wp\/v2\/users\/4"}],"replies":[{"embeddable":true,"href":"https:\/\/bioay.org\/index.php?rest_route=%2Fwp%2Fv2%2Fcomments&post=1093"}],"version-history":[{"count":7,"href":"https:\/\/bioay.org\/index.php?rest_route=\/wp\/v2\/pages\/1093\/revisions"}],"predecessor-version":[{"id":1568,"href":"https:\/\/bioay.org\/index.php?rest_route=\/wp\/v2\/pages\/1093\/revisions\/1568"}],"up":[{"embeddable":true,"href":"https:\/\/bioay.org\/index.php?rest_route=\/wp\/v2\/pages\/1098"}],"wp:attachment":[{"href":"https:\/\/bioay.org\/index.php?rest_route=%2Fwp%2Fv2%2Fmedia&parent=1093"}],"curies":[{"name":"wp","href":"https:\/\/api.w.org\/{rel}","templated":true}]}}