{"id":1215,"date":"2020-06-23T20:35:12","date_gmt":"2020-06-23T20:35:12","guid":{"rendered":"https:\/\/bioay.org\/?page_id=1215"},"modified":"2020-09-04T12:33:55","modified_gmt":"2020-09-04T12:33:55","slug":"anps-por-el-estado","status":"publish","type":"page","link":"https:\/\/bioay.org\/?page_id=1215","title":{"rendered":"ANP&#8217;S por el Estado"},"content":{"rendered":"<p>[vc_row][vc_column width=\u00bb1\/2&#8243;][vc_column_text css_animation=\u00bbfadeIn\u00bb]<\/p>\n<h5 style=\"text-align: center;\"><strong>CONOCE NUESTRAS \u00c1REAS NATURALES PROTEGIDAS\u00a0<\/strong><\/h5>\n<p>[\/vc_column_text][vc_column_text css_animation=\u00bbfadeIn\u00bb]<\/p>\n<p style=\"text-align: justify;\">Un tercio del territorio de la Reserva de Biosfera Oxapampa Ash\u00e1ninka Y\u00e1nesha es ocupada por A\u0301reas Naturales Protegidas (ANP&#8217;S) de diferentes categori\u0301as:<\/p>\n<p style=\"text-align: justify;\">A. Parque Nacional Yanachaga-Chemill\u00e9n \u2013<a href=\"https:\/\/www.sernanp.gob.pe\/yanachaga-chemillen\"> ver m\u00e1s<\/a><br \/>\nB. Reserva Comunal Y\u00e1nesha-\u00a0<a href=\"https:\/\/www.sernanp.gob.pe\/yanesha\">ver m\u00e1s<\/a><br \/>\nC. Bosque de Protecci\u00f3n San Mat\u00edas-San Carlos \u2013\u00a0<a href=\"https:\/\/www.sernanp.gob.pe\/san-matias-san-carlos\">ver m\u00e1s<\/a><br \/>\nD. Reserva Comunal El Sira \u2013<a href=\"https:\/\/www.sernanp.gob.pe\/el-sira\">\u00a0ver m\u00e1s<\/a>[\/vc_column_text][\/vc_column][vc_column width=\u00bb1\/2&#8243;][vc_single_image image=\u00bb797&#8243; img_size=\u00bbfull\u00bb css_animation=\u00bbbounceInUp\u00bb][\/vc_column][\/vc_row][vc_row][vc_column][vc_column_text]<\/p>\n<h4 style=\"text-align: center;\">EL PARQUE NACIONAL YANACHAGA CHEMILL\u00c9N ES LA ZONA N\u00daCLEO DE LA BIOAY<\/h4>\n<p>[\/vc_column_text][vc_video link=\u00bbhttps:\/\/www.youtube.com\/watch?v=QWY6slFAgw0&#038;t=2s\u00bb el_aspect=\u00bb43&#8243; align=\u00bbcenter\u00bb css_animation=\u00bbbounceInDown\u00bb][vc_column_text]<\/p>\n<p style=\"text-align: right;\">Fuente: Camilo Tours<\/p>\n<p>[\/vc_column_text][\/vc_column][\/vc_row]<\/p>\n","protected":false},"excerpt":{"rendered":"<p>[vc_row][vc_column width=\u00bb1\/2&#8243;][vc_column_text css_animation=\u00bbfadeIn\u00bb] CONOCE NUESTRAS \u00c1REAS NATURALES PROTEGIDAS\u00a0 [\/vc_column_text][vc_column_text css_animation=\u00bbfadeIn\u00bb] Un tercio del territorio de la Reserva de Biosfera Oxapampa Ash\u00e1ninka Y\u00e1nesha es ocupada por A\u0301reas Naturales Protegidas (ANP&#8217;S) de diferentes categori\u0301as: A. Parque Nacional Yanachaga-Chemill\u00e9n \u2013 ver m\u00e1s B. Reserva Comunal Y\u00e1nesha-\u00a0ver m\u00e1s C. Bosque de Protecci\u00f3n San Mat\u00edas-San Carlos \u2013\u00a0ver m\u00e1s D. Reserva&hellip;<\/p>\n","protected":false},"author":4,"featured_media":0,"parent":0,"menu_order":0,"comment_status":"closed","ping_status":"closed","template":"","meta":{"_joinchat":[]},"class_list":["post-1215","page","type-page","status-publish","hentry","description-off"],"yoast_head":"<!-- This site is optimized with the Yoast SEO plugin v26.2 - https:\/\/yoast.com\/wordpress\/plugins\/seo\/ -->\n<title>ANP&#039;S por el Estado - BIOAY<\/title>\n<meta name=\"robots\" content=\"index, follow, max-snippet:-1, max-image-preview:large, max-video-preview:-1\" \/>\n<link rel=\"canonical\" href=\"https:\/\/bioay.org\/?page_id=1215\" \/>\n<meta property=\"og:locale\" content=\"es_ES\" \/>\n<meta property=\"og:type\" content=\"article\" \/>\n<meta property=\"og:title\" content=\"ANP&#039;S por el Estado - BIOAY\" \/>\n<meta property=\"og:description\" content=\"[vc_row][vc_column width=\u00bb1\/2&#8243;][vc_column_text css_animation=\u00bbfadeIn\u00bb] CONOCE NUESTRAS \u00c1REAS NATURALES PROTEGIDAS\u00a0 [\/vc_column_text][vc_column_text css_animation=\u00bbfadeIn\u00bb] Un tercio del territorio de la Reserva de Biosfera Oxapampa Ash\u00e1ninka Y\u00e1nesha es ocupada por A\u0301reas Naturales Protegidas (ANP&#8217;S) de diferentes categori\u0301as: A. Parque Nacional Yanachaga-Chemill\u00e9n \u2013 ver m\u00e1s B. Reserva Comunal Y\u00e1nesha-\u00a0ver m\u00e1s C. Bosque de Protecci\u00f3n San Mat\u00edas-San Carlos \u2013\u00a0ver m\u00e1s D. Reserva&hellip;\" \/>\n<meta property=\"og:url\" content=\"https:\/\/bioay.org\/?page_id=1215\" \/>\n<meta property=\"og:site_name\" content=\"BIOAY\" \/>\n<meta property=\"article:publisher\" content=\"https:\/\/web.facebook.com\/BIOAYOFICIAL\" \/>\n<meta property=\"article:modified_time\" content=\"2020-09-04T12:33:55+00:00\" \/>\n<meta name=\"twitter:card\" content=\"summary_large_image\" \/>\n<meta name=\"twitter:site\" content=\"@biosferaoxa\" \/>\n<meta name=\"twitter:label1\" content=\"Tiempo de lectura\" \/>\n\t<meta name=\"twitter:data1\" content=\"1 minuto\" \/>\n<script type=\"application\/ld+json\" class=\"yoast-schema-graph\">{\"@context\":\"https:\/\/schema.org\",\"@graph\":[{\"@type\":\"WebPage\",\"@id\":\"https:\/\/bioay.org\/?page_id=1215\",\"url\":\"https:\/\/bioay.org\/?page_id=1215\",\"name\":\"ANP'S por el Estado - BIOAY\",\"isPartOf\":{\"@id\":\"https:\/\/bioay.org\/#website\"},\"datePublished\":\"2020-06-23T20:35:12+00:00\",\"dateModified\":\"2020-09-04T12:33:55+00:00\",\"breadcrumb\":{\"@id\":\"https:\/\/bioay.org\/?page_id=1215#breadcrumb\"},\"inLanguage\":\"es\",\"potentialAction\":[{\"@type\":\"ReadAction\",\"target\":[\"https:\/\/bioay.org\/?page_id=1215\"]}]},{\"@type\":\"BreadcrumbList\",\"@id\":\"https:\/\/bioay.org\/?page_id=1215#breadcrumb\",\"itemListElement\":[{\"@type\":\"ListItem\",\"position\":1,\"name\":\"Portada\",\"item\":\"https:\/\/bioay.org\/\"},{\"@type\":\"ListItem\",\"position\":2,\"name\":\"ANP&#8217;S por el Estado\"}]},{\"@type\":\"WebSite\",\"@id\":\"https:\/\/bioay.org\/#website\",\"url\":\"https:\/\/bioay.org\/\",\"name\":\"Reserva de Biosfera Oxapampa Ash\u00e1ninka Y\u00e1nesha\",\"description\":\"Reserva de Bi\u00f3sfera Oxapampa Ashaninka Yanesha\",\"publisher\":{\"@id\":\"https:\/\/bioay.org\/#organization\"},\"potentialAction\":[{\"@type\":\"SearchAction\",\"target\":{\"@type\":\"EntryPoint\",\"urlTemplate\":\"https:\/\/bioay.org\/?s={search_term_string}\"},\"query-input\":{\"@type\":\"PropertyValueSpecification\",\"valueRequired\":true,\"valueName\":\"search_term_string\"}}],\"inLanguage\":\"es\"},{\"@type\":\"Organization\",\"@id\":\"https:\/\/bioay.org\/#organization\",\"name\":\"Reserva de Biosfera Oxapampa Ash\u00e1ninka Y\u00e1nesha\",\"url\":\"https:\/\/bioay.org\/\",\"logo\":{\"@type\":\"ImageObject\",\"inLanguage\":\"es\",\"@id\":\"https:\/\/bioay.org\/#\/schema\/logo\/image\/\",\"url\":\"https:\/\/bioay.org\/wp-content\/uploads\/2020\/09\/logo-bioay-1.png\",\"contentUrl\":\"https:\/\/bioay.org\/wp-content\/uploads\/2020\/09\/logo-bioay-1.png\",\"width\":225,\"height\":225,\"caption\":\"Reserva de Biosfera Oxapampa Ash\u00e1ninka Y\u00e1nesha\"},\"image\":{\"@id\":\"https:\/\/bioay.org\/#\/schema\/logo\/image\/\"},\"sameAs\":[\"https:\/\/web.facebook.com\/BIOAYOFICIAL\",\"https:\/\/x.com\/biosferaoxa\",\"https:\/\/www.instagram.com\/biosferaoxapampa\/\",\"https:\/\/www.youtube.com\/channel\/UCKNpZrZsnVsKI4YgsaiTCbA\"]}]}<\/script>\n<!-- \/ Yoast SEO plugin. -->","yoast_head_json":{"title":"ANP'S por el Estado - BIOAY","robots":{"index":"index","follow":"follow","max-snippet":"max-snippet:-1","max-image-preview":"max-image-preview:large","max-video-preview":"max-video-preview:-1"},"canonical":"https:\/\/bioay.org\/?page_id=1215","og_locale":"es_ES","og_type":"article","og_title":"ANP'S por el Estado - BIOAY","og_description":"[vc_row][vc_column width=\u00bb1\/2&#8243;][vc_column_text css_animation=\u00bbfadeIn\u00bb] CONOCE NUESTRAS \u00c1REAS NATURALES PROTEGIDAS\u00a0 [\/vc_column_text][vc_column_text css_animation=\u00bbfadeIn\u00bb] Un tercio del territorio de la Reserva de Biosfera Oxapampa Ash\u00e1ninka Y\u00e1nesha es ocupada por A\u0301reas Naturales Protegidas (ANP&#8217;S) de diferentes categori\u0301as: A. Parque Nacional Yanachaga-Chemill\u00e9n \u2013 ver m\u00e1s B. Reserva Comunal Y\u00e1nesha-\u00a0ver m\u00e1s C. Bosque de Protecci\u00f3n San Mat\u00edas-San Carlos \u2013\u00a0ver m\u00e1s D. Reserva&hellip;","og_url":"https:\/\/bioay.org\/?page_id=1215","og_site_name":"BIOAY","article_publisher":"https:\/\/web.facebook.com\/BIOAYOFICIAL","article_modified_time":"2020-09-04T12:33:55+00:00","twitter_card":"summary_large_image","twitter_site":"@biosferaoxa","twitter_misc":{"Tiempo de lectura":"1 minuto"},"schema":{"@context":"https:\/\/schema.org","@graph":[{"@type":"WebPage","@id":"https:\/\/bioay.org\/?page_id=1215","url":"https:\/\/bioay.org\/?page_id=1215","name":"ANP'S por el Estado - BIOAY","isPartOf":{"@id":"https:\/\/bioay.org\/#website"},"datePublished":"2020-06-23T20:35:12+00:00","dateModified":"2020-09-04T12:33:55+00:00","breadcrumb":{"@id":"https:\/\/bioay.org\/?page_id=1215#breadcrumb"},"inLanguage":"es","potentialAction":[{"@type":"ReadAction","target":["https:\/\/bioay.org\/?page_id=1215"]}]},{"@type":"BreadcrumbList","@id":"https:\/\/bioay.org\/?page_id=1215#breadcrumb","itemListElement":[{"@type":"ListItem","position":1,"name":"Portada","item":"https:\/\/bioay.org\/"},{"@type":"ListItem","position":2,"name":"ANP&#8217;S por el Estado"}]},{"@type":"WebSite","@id":"https:\/\/bioay.org\/#website","url":"https:\/\/bioay.org\/","name":"Reserva de Biosfera Oxapampa Ash\u00e1ninka Y\u00e1nesha","description":"Reserva de Bi\u00f3sfera Oxapampa Ashaninka Yanesha","publisher":{"@id":"https:\/\/bioay.org\/#organization"},"potentialAction":[{"@type":"SearchAction","target":{"@type":"EntryPoint","urlTemplate":"https:\/\/bioay.org\/?s={search_term_string}"},"query-input":{"@type":"PropertyValueSpecification","valueRequired":true,"valueName":"search_term_string"}}],"inLanguage":"es"},{"@type":"Organization","@id":"https:\/\/bioay.org\/#organization","name":"Reserva de Biosfera Oxapampa Ash\u00e1ninka Y\u00e1nesha","url":"https:\/\/bioay.org\/","logo":{"@type":"ImageObject","inLanguage":"es","@id":"https:\/\/bioay.org\/#\/schema\/logo\/image\/","url":"https:\/\/bioay.org\/wp-content\/uploads\/2020\/09\/logo-bioay-1.png","contentUrl":"https:\/\/bioay.org\/wp-content\/uploads\/2020\/09\/logo-bioay-1.png","width":225,"height":225,"caption":"Reserva de Biosfera Oxapampa Ash\u00e1ninka Y\u00e1nesha"},"image":{"@id":"https:\/\/bioay.org\/#\/schema\/logo\/image\/"},"sameAs":["https:\/\/web.facebook.com\/BIOAYOFICIAL","https:\/\/x.com\/biosferaoxa","https:\/\/www.instagram.com\/biosferaoxapampa\/","https:\/\/www.youtube.com\/channel\/UCKNpZrZsnVsKI4YgsaiTCbA"]}]}},"_links":{"self":[{"href":"https:\/\/bioay.org\/index.php?rest_route=\/wp\/v2\/pages\/1215","targetHints":{"allow":["GET"]}}],"collection":[{"href":"https:\/\/bioay.org\/index.php?rest_route=\/wp\/v2\/pages"}],"about":[{"href":"https:\/\/bioay.org\/index.php?rest_route=\/wp\/v2\/types\/page"}],"author":[{"embeddable":true,"href":"https:\/\/bioay.org\/index.php?rest_route=\/wp\/v2\/users\/4"}],"replies":[{"embeddable":true,"href":"https:\/\/bioay.org\/index.php?rest_route=%2Fwp%2Fv2%2Fcomments&post=1215"}],"version-history":[{"count":12,"href":"https:\/\/bioay.org\/index.php?rest_route=\/wp\/v2\/pages\/1215\/revisions"}],"predecessor-version":[{"id":1574,"href":"https:\/\/bioay.org\/index.php?rest_route=\/wp\/v2\/pages\/1215\/revisions\/1574"}],"wp:attachment":[{"href":"https:\/\/bioay.org\/index.php?rest_route=%2Fwp%2Fv2%2Fmedia&parent=1215"}],"curies":[{"name":"wp","href":"https:\/\/api.w.org\/{rel}","templated":true}]}}