{"id":1252,"date":"2020-06-25T01:43:48","date_gmt":"2020-06-25T01:43:48","guid":{"rendered":"https:\/\/bioay.org\/?page_id=1252"},"modified":"2020-09-03T02:40:08","modified_gmt":"2020-09-03T02:40:08","slug":"ubicacion","status":"publish","type":"page","link":"https:\/\/bioay.org\/?page_id=1252","title":{"rendered":"Ubicaci\u00f3n"},"content":{"rendered":"<p>[vc_row][vc_column width=\u00bb1\/2&#8243;][vc_single_image image=\u00bb812&#8243; img_size=\u00bb1250&#215;1650&#8243; alignment=\u00bbcenter\u00bb css_animation=\u00bbfadeInRight\u00bb][\/vc_column][vc_column width=\u00bb1\/2&#8243;][vc_column_text]<\/p>\n<div class=\"uvc-main-heading ult-responsive\" data-ultimate-target=\".uvc-heading.ultimate-heading-52335ef3ffe18d1f3 h2\" data-responsive-json-new=\"{&quot;font-size&quot;:&quot;desktop:42px;mobile_landscape:34px;&quot;,&quot;line-height&quot;:&quot;desktop:52px;mobile_landscape:44px;&quot;}\">\n<p style=\"text-align: justify;\">La<strong> Reserva de Biosfera Oxapampa Ashaninka Yanesha (BIOAY)<\/strong> abarca toda la provincia de Oxapampa, departamento de Pasco. Este espacio fue designado como tal en 2010 por el Programa sobre el Hombre y la Biosfera (UNESCO-MAB), con el objetivo de promover de manera urgente la colaboraci\u00f3n de sus habitantes y entidades t\u00e9cnicas, en favor de mejorar la calidad de vida de todas las personas, al tiempo que se genera protecci\u00f3n duradera a la biodiversidad local.<\/p>\n<p><strong>La Red Mundial de Reservas de Biosfera de la UNESCO<\/strong> est\u00e1 compuesta por 651 Reservas (15 de ellas transfronterizas) repartidas en 120 pa\u00edses. La Red se re\u00fane en Lima, Per\u00fa, del 14 al 17 de Marzo del 2016 con el fin de elaborar un Plan de Acci\u00f3n para las Reservas de Biosfera para 2016-2025.<\/p>\n<p>Fuente: UNESCO.ORG<\/p>\n<p>&nbsp;<\/p>\n<p>&nbsp;<\/p>\n<\/div>\n<p>&nbsp;[\/vc_column_text][\/vc_column][\/vc_row][vc_row][vc_column][vc_column_text]<\/p>\n<h3 style=\"text-align: center;\"><strong>CONOCE LOS DISTRITOS QUE INTEGRAN LA BIOAY<\/strong><\/h3>\n<p>[\/vc_column_text][vc_video link=\u00bbhttps:\/\/www.youtube.com\/watch?v=EbXW0Ii-EWk\u00bb el_aspect=\u00bb43&#8243; align=\u00bbcenter\u00bb css_animation=\u00bbflipInY\u00bb][\/vc_column][\/vc_row]<\/p>\n","protected":false},"excerpt":{"rendered":"<p>[vc_row][vc_column width=\u00bb1\/2&#8243;][vc_single_image image=\u00bb812&#8243; img_size=\u00bb1250&#215;1650&#8243; alignment=\u00bbcenter\u00bb css_animation=\u00bbfadeInRight\u00bb][\/vc_column][vc_column width=\u00bb1\/2&#8243;][vc_column_text] La Reserva de Biosfera Oxapampa Ashaninka Yanesha (BIOAY) abarca toda la provincia de Oxapampa, departamento de Pasco. Este espacio fue designado como tal en 2010 por el Programa sobre el Hombre y la Biosfera (UNESCO-MAB), con el objetivo de promover de manera urgente la colaboraci\u00f3n de sus habitantes&hellip;<\/p>\n","protected":false},"author":4,"featured_media":0,"parent":0,"menu_order":0,"comment_status":"closed","ping_status":"closed","template":"","meta":{"_joinchat":[]},"class_list":["post-1252","page","type-page","status-publish","hentry","description-off"],"yoast_head":"<!-- This site is optimized with the Yoast SEO plugin v26.2 - https:\/\/yoast.com\/wordpress\/plugins\/seo\/ -->\n<title>Ubicaci\u00f3n - BIOAY<\/title>\n<meta name=\"robots\" content=\"index, follow, max-snippet:-1, max-image-preview:large, max-video-preview:-1\" \/>\n<link rel=\"canonical\" href=\"https:\/\/bioay.org\/?page_id=1252\" \/>\n<meta property=\"og:locale\" content=\"es_ES\" \/>\n<meta property=\"og:type\" content=\"article\" \/>\n<meta property=\"og:title\" content=\"Ubicaci\u00f3n - BIOAY\" \/>\n<meta property=\"og:description\" content=\"[vc_row][vc_column width=\u00bb1\/2&#8243;][vc_single_image image=\u00bb812&#8243; img_size=\u00bb1250&#215;1650&#8243; alignment=\u00bbcenter\u00bb css_animation=\u00bbfadeInRight\u00bb][\/vc_column][vc_column width=\u00bb1\/2&#8243;][vc_column_text] La Reserva de Biosfera Oxapampa Ashaninka Yanesha (BIOAY) abarca toda la provincia de Oxapampa, departamento de Pasco. Este espacio fue designado como tal en 2010 por el Programa sobre el Hombre y la Biosfera (UNESCO-MAB), con el objetivo de promover de manera urgente la colaboraci\u00f3n de sus habitantes&hellip;\" \/>\n<meta property=\"og:url\" content=\"https:\/\/bioay.org\/?page_id=1252\" \/>\n<meta property=\"og:site_name\" content=\"BIOAY\" \/>\n<meta property=\"article:publisher\" content=\"https:\/\/web.facebook.com\/BIOAYOFICIAL\" \/>\n<meta property=\"article:modified_time\" content=\"2020-09-03T02:40:08+00:00\" \/>\n<meta name=\"twitter:card\" content=\"summary_large_image\" \/>\n<meta name=\"twitter:site\" content=\"@biosferaoxa\" \/>\n<meta name=\"twitter:label1\" content=\"Tiempo de lectura\" \/>\n\t<meta name=\"twitter:data1\" content=\"1 minuto\" \/>\n<script type=\"application\/ld+json\" class=\"yoast-schema-graph\">{\"@context\":\"https:\/\/schema.org\",\"@graph\":[{\"@type\":\"WebPage\",\"@id\":\"https:\/\/bioay.org\/?page_id=1252\",\"url\":\"https:\/\/bioay.org\/?page_id=1252\",\"name\":\"Ubicaci\u00f3n - BIOAY\",\"isPartOf\":{\"@id\":\"https:\/\/bioay.org\/#website\"},\"datePublished\":\"2020-06-25T01:43:48+00:00\",\"dateModified\":\"2020-09-03T02:40:08+00:00\",\"breadcrumb\":{\"@id\":\"https:\/\/bioay.org\/?page_id=1252#breadcrumb\"},\"inLanguage\":\"es\",\"potentialAction\":[{\"@type\":\"ReadAction\",\"target\":[\"https:\/\/bioay.org\/?page_id=1252\"]}]},{\"@type\":\"BreadcrumbList\",\"@id\":\"https:\/\/bioay.org\/?page_id=1252#breadcrumb\",\"itemListElement\":[{\"@type\":\"ListItem\",\"position\":1,\"name\":\"Portada\",\"item\":\"https:\/\/bioay.org\/\"},{\"@type\":\"ListItem\",\"position\":2,\"name\":\"Ubicaci\u00f3n\"}]},{\"@type\":\"WebSite\",\"@id\":\"https:\/\/bioay.org\/#website\",\"url\":\"https:\/\/bioay.org\/\",\"name\":\"Reserva de Biosfera Oxapampa Ash\u00e1ninka Y\u00e1nesha\",\"description\":\"Reserva de Bi\u00f3sfera Oxapampa Ashaninka Yanesha\",\"publisher\":{\"@id\":\"https:\/\/bioay.org\/#organization\"},\"potentialAction\":[{\"@type\":\"SearchAction\",\"target\":{\"@type\":\"EntryPoint\",\"urlTemplate\":\"https:\/\/bioay.org\/?s={search_term_string}\"},\"query-input\":{\"@type\":\"PropertyValueSpecification\",\"valueRequired\":true,\"valueName\":\"search_term_string\"}}],\"inLanguage\":\"es\"},{\"@type\":\"Organization\",\"@id\":\"https:\/\/bioay.org\/#organization\",\"name\":\"Reserva de Biosfera Oxapampa Ash\u00e1ninka Y\u00e1nesha\",\"url\":\"https:\/\/bioay.org\/\",\"logo\":{\"@type\":\"ImageObject\",\"inLanguage\":\"es\",\"@id\":\"https:\/\/bioay.org\/#\/schema\/logo\/image\/\",\"url\":\"https:\/\/bioay.org\/wp-content\/uploads\/2020\/09\/logo-bioay-1.png\",\"contentUrl\":\"https:\/\/bioay.org\/wp-content\/uploads\/2020\/09\/logo-bioay-1.png\",\"width\":225,\"height\":225,\"caption\":\"Reserva de Biosfera Oxapampa Ash\u00e1ninka Y\u00e1nesha\"},\"image\":{\"@id\":\"https:\/\/bioay.org\/#\/schema\/logo\/image\/\"},\"sameAs\":[\"https:\/\/web.facebook.com\/BIOAYOFICIAL\",\"https:\/\/x.com\/biosferaoxa\",\"https:\/\/www.instagram.com\/biosferaoxapampa\/\",\"https:\/\/www.youtube.com\/channel\/UCKNpZrZsnVsKI4YgsaiTCbA\"]}]}<\/script>\n<!-- \/ Yoast SEO plugin. -->","yoast_head_json":{"title":"Ubicaci\u00f3n - BIOAY","robots":{"index":"index","follow":"follow","max-snippet":"max-snippet:-1","max-image-preview":"max-image-preview:large","max-video-preview":"max-video-preview:-1"},"canonical":"https:\/\/bioay.org\/?page_id=1252","og_locale":"es_ES","og_type":"article","og_title":"Ubicaci\u00f3n - BIOAY","og_description":"[vc_row][vc_column width=\u00bb1\/2&#8243;][vc_single_image image=\u00bb812&#8243; img_size=\u00bb1250&#215;1650&#8243; alignment=\u00bbcenter\u00bb css_animation=\u00bbfadeInRight\u00bb][\/vc_column][vc_column width=\u00bb1\/2&#8243;][vc_column_text] La Reserva de Biosfera Oxapampa Ashaninka Yanesha (BIOAY) abarca toda la provincia de Oxapampa, departamento de Pasco. Este espacio fue designado como tal en 2010 por el Programa sobre el Hombre y la Biosfera (UNESCO-MAB), con el objetivo de promover de manera urgente la colaboraci\u00f3n de sus habitantes&hellip;","og_url":"https:\/\/bioay.org\/?page_id=1252","og_site_name":"BIOAY","article_publisher":"https:\/\/web.facebook.com\/BIOAYOFICIAL","article_modified_time":"2020-09-03T02:40:08+00:00","twitter_card":"summary_large_image","twitter_site":"@biosferaoxa","twitter_misc":{"Tiempo de lectura":"1 minuto"},"schema":{"@context":"https:\/\/schema.org","@graph":[{"@type":"WebPage","@id":"https:\/\/bioay.org\/?page_id=1252","url":"https:\/\/bioay.org\/?page_id=1252","name":"Ubicaci\u00f3n - BIOAY","isPartOf":{"@id":"https:\/\/bioay.org\/#website"},"datePublished":"2020-06-25T01:43:48+00:00","dateModified":"2020-09-03T02:40:08+00:00","breadcrumb":{"@id":"https:\/\/bioay.org\/?page_id=1252#breadcrumb"},"inLanguage":"es","potentialAction":[{"@type":"ReadAction","target":["https:\/\/bioay.org\/?page_id=1252"]}]},{"@type":"BreadcrumbList","@id":"https:\/\/bioay.org\/?page_id=1252#breadcrumb","itemListElement":[{"@type":"ListItem","position":1,"name":"Portada","item":"https:\/\/bioay.org\/"},{"@type":"ListItem","position":2,"name":"Ubicaci\u00f3n"}]},{"@type":"WebSite","@id":"https:\/\/bioay.org\/#website","url":"https:\/\/bioay.org\/","name":"Reserva de Biosfera Oxapampa Ash\u00e1ninka Y\u00e1nesha","description":"Reserva de Bi\u00f3sfera Oxapampa Ashaninka Yanesha","publisher":{"@id":"https:\/\/bioay.org\/#organization"},"potentialAction":[{"@type":"SearchAction","target":{"@type":"EntryPoint","urlTemplate":"https:\/\/bioay.org\/?s={search_term_string}"},"query-input":{"@type":"PropertyValueSpecification","valueRequired":true,"valueName":"search_term_string"}}],"inLanguage":"es"},{"@type":"Organization","@id":"https:\/\/bioay.org\/#organization","name":"Reserva de Biosfera Oxapampa Ash\u00e1ninka Y\u00e1nesha","url":"https:\/\/bioay.org\/","logo":{"@type":"ImageObject","inLanguage":"es","@id":"https:\/\/bioay.org\/#\/schema\/logo\/image\/","url":"https:\/\/bioay.org\/wp-content\/uploads\/2020\/09\/logo-bioay-1.png","contentUrl":"https:\/\/bioay.org\/wp-content\/uploads\/2020\/09\/logo-bioay-1.png","width":225,"height":225,"caption":"Reserva de Biosfera Oxapampa Ash\u00e1ninka Y\u00e1nesha"},"image":{"@id":"https:\/\/bioay.org\/#\/schema\/logo\/image\/"},"sameAs":["https:\/\/web.facebook.com\/BIOAYOFICIAL","https:\/\/x.com\/biosferaoxa","https:\/\/www.instagram.com\/biosferaoxapampa\/","https:\/\/www.youtube.com\/channel\/UCKNpZrZsnVsKI4YgsaiTCbA"]}]}},"_links":{"self":[{"href":"https:\/\/bioay.org\/index.php?rest_route=\/wp\/v2\/pages\/1252","targetHints":{"allow":["GET"]}}],"collection":[{"href":"https:\/\/bioay.org\/index.php?rest_route=\/wp\/v2\/pages"}],"about":[{"href":"https:\/\/bioay.org\/index.php?rest_route=\/wp\/v2\/types\/page"}],"author":[{"embeddable":true,"href":"https:\/\/bioay.org\/index.php?rest_route=\/wp\/v2\/users\/4"}],"replies":[{"embeddable":true,"href":"https:\/\/bioay.org\/index.php?rest_route=%2Fwp%2Fv2%2Fcomments&post=1252"}],"version-history":[{"count":15,"href":"https:\/\/bioay.org\/index.php?rest_route=\/wp\/v2\/pages\/1252\/revisions"}],"predecessor-version":[{"id":1522,"href":"https:\/\/bioay.org\/index.php?rest_route=\/wp\/v2\/pages\/1252\/revisions\/1522"}],"wp:attachment":[{"href":"https:\/\/bioay.org\/index.php?rest_route=%2Fwp%2Fv2%2Fmedia&parent=1252"}],"curies":[{"name":"wp","href":"https:\/\/api.w.org\/{rel}","templated":true}]}}