{"id":1266,"date":"2020-06-25T14:36:32","date_gmt":"2020-06-25T14:36:32","guid":{"rendered":"https:\/\/bioay.org\/?page_id=1266"},"modified":"2020-08-31T02:29:21","modified_gmt":"2020-08-31T02:29:21","slug":"como-nos-benefeciamos-con-la-bioay","status":"publish","type":"page","link":"https:\/\/bioay.org\/?page_id=1266","title":{"rendered":"\u00bfC\u00f3mo nos benefeciamos con la BIOAY?"},"content":{"rendered":"<p>[vc_row][vc_column][vc_column_text css_animation=\u00bbbounceIn\u00bb]<\/p>\n<p style=\"text-align: center;\">La Reserva de Biosfera Oxapampa Ash\u00e1ninka Y\u00e1nesha (BIOAY) ofrece un abanico de oportunidades en beneficio de la provincia de Oxapampa y sus pobladores, desde la preservacio\u0301n de la biodiversidad, el adecuado uso de los recursos naturales, el desarrollo de la innovacio\u0301n en campos como la agricultura ecolo\u0301gica, el turismo sostenible, las energi\u0301as renovables y la economi\u0301a de reciclaje.\u00a0 Esta\u0301 en nuestras manos convertirlas en realidad.<\/p>\n<p>[\/vc_column_text][vc_separator color=\u00bbcustom\u00bb style=\u00bbdotted\u00bb border_width=\u00bb5&#8243; accent_color=\u00bb#f27920&#8243;][\/vc_column][\/vc_row][vc_row][vc_column width=\u00bb1\/2&#8243;][vc_column_text]<\/p>\n<div class=\"aio-icon-header\">\n<h4 class=\"aio-icon-title ult-responsive\" data-ultimate-target=\"#Info-box-wrap-4684 .aio-icon-title\" data-responsive-json-new=\"{&quot;font-size&quot;:&quot;desktop:24px;&quot;,&quot;line-height&quot;:&quot;desktop:34px;&quot;}\"><span style=\"color: #f27920;\">Poblaci\u00f3n Local<\/span><\/h4>\n<\/div>\n<div class=\"aio-icon-description ult-responsive\" data-ultimate-target=\"#Info-box-wrap-4684 .aio-icon-description\" data-responsive-json-new=\"{&quot;font-size&quot;:&quot;&quot;,&quot;line-height&quot;:&quot;&quot;}\">\n<div class=\"page\" title=\"Page 1\">\n<div class=\"layoutArea\">\n<div class=\"column\">\n<ul>\n<li>Un medio ambiente ma\u0301s sano para las generaciones futuras.<\/li>\n<li>Proteccio\u0301n del suelo y el agua como recursos ba\u0301sicos.<\/li>\n<li>Adopcio\u0301n de estrategias alternativas de gestio\u0301n de los recursos.<\/li>\n<li>Ordenamiento del territorio y consiguiente disminucio\u0301n de conflictos.<\/li>\n<li>Una base econo\u0301mica ma\u0301s diversificada y estable.<\/li>\n<li>Aumento del empleo.<\/li>\n<li>Oportunidades para mantener las tradiciones y cultura.<\/li>\n<\/ul>\n<\/div>\n<\/div>\n<\/div>\n<\/div>\n<p>[\/vc_column_text][\/vc_column][vc_column width=\u00bb1\/2&#8243;][vc_single_image image=\u00bb1271&#8243; img_size=\u00bblarge\u00bb onclick=\u00bblink_image\u00bb css_animation=\u00bbbounceInUp\u00bb][\/vc_column][\/vc_row][vc_row][vc_column width=\u00bb1\/2&#8243;][vc_single_image image=\u00bb1272&#8243; img_size=\u00bblarge\u00bb onclick=\u00bblink_image\u00bb css_animation=\u00bbbounceInUp\u00bb][\/vc_column][vc_column width=\u00bb1\/2&#8243;][vc_column_text]<\/p>\n<div class=\"aio-icon-header\">\n<div class=\"aio-icon-header\">\n<h4 class=\"aio-icon-title ult-responsive\" style=\"text-align: left;\" data-ultimate-target=\"#Info-box-wrap-7719 .aio-icon-title\" data-responsive-json-new=\"{&quot;font-size&quot;:&quot;desktop:26px;&quot;,&quot;line-height&quot;:&quot;desktop:36px;&quot;}\"><span style=\"color: #f27920;\">Cient\u00edficos<\/span><\/h4>\n<\/div>\n<div class=\"aio-icon-description ult-responsive\" data-ultimate-target=\"#Info-box-wrap-7719 .aio-icon-description\" data-responsive-json-new=\"{&quot;font-size&quot;:&quot;&quot;,&quot;line-height&quot;:&quot;&quot;}\">\n<div class=\"page\" title=\"Page 1\">\n<div class=\"layoutArea\">\n<div class=\"column\">\n<ul>\n<li style=\"text-align: left;\">Esti\u0301mulo a investigacio\u0301n sobre procesos ecolo\u0301gicos y biodiversidad.<\/li>\n<li style=\"text-align: left;\">Acceso a una base de datos internacional con informacio\u0301n cienti\u0301fica.<\/li>\n<li style=\"text-align: left;\">Posibilidad de conducir estudios de larga duracio\u0301n, como los efectos de los cambios en el clima, o el re\u0301gimen hi\u0301drico.<\/li>\n<li style=\"text-align: left;\">Oportunidad para investigaciones interdisciplinarias, estudios comparativos e intercambio de informacio\u0301n.<\/li>\n<\/ul>\n<\/div>\n<\/div>\n<\/div>\n<\/div>\n<\/div>\n<p>[\/vc_column_text][\/vc_column][\/vc_row][vc_row][vc_column width=\u00bb1\/2&#8243;][vc_column_text]<\/p>\n<div class=\"aio-icon-header\">\n<h4 class=\"aio-icon-title ult-responsive\" data-ultimate-target=\"#Info-box-wrap-3415 .aio-icon-title\" data-responsive-json-new=\"{&quot;font-size&quot;:&quot;desktop:26px;&quot;,&quot;line-height&quot;:&quot;desktop:36px;&quot;}\"><span style=\"color: #f27920;\">Agricultores, silvicultores, pescadores<\/span><\/h4>\n<\/div>\n<div class=\"aio-icon-description ult-responsive\" data-ultimate-target=\"#Info-box-wrap-3415 .aio-icon-description\" data-responsive-json-new=\"{&quot;font-size&quot;:&quot;&quot;,&quot;line-height&quot;:&quot;&quot;}\">\n<div class=\"page\" title=\"Page 1\">\n<div class=\"layoutArea\">\n<div class=\"column\">\n<ul>\n<li>Valorizacio\u0301n de productos locales: al llevar el sello de una Reserva de Biosfera, pueden alcanzar mayores precios y comercializarse ma\u0301s ampliamente.<\/li>\n<li>Mayor participacio\u0301n en las decisiones sobre el aprovechamiento de la tierra.<\/li>\n<\/ul>\n<\/div>\n<\/div>\n<\/div>\n<\/div>\n<p>[\/vc_column_text][\/vc_column][vc_column width=\u00bb1\/2&#8243;][vc_single_image image=\u00bb1273&#8243; img_size=\u00bblarge\u00bb onclick=\u00bblink_image\u00bb css_animation=\u00bbbounceInUp\u00bb][\/vc_column][\/vc_row][vc_row][vc_column width=\u00bb1\/2&#8243;][vc_single_image image=\u00bb1275&#8243; img_size=\u00bblarge\u00bb onclick=\u00bblink_image\u00bb css_animation=\u00bbbounceInUp\u00bb][\/vc_column][vc_column width=\u00bb1\/2&#8243;][vc_column_text]<\/p>\n<div class=\"aio-icon-header\">\n<div class=\"aio-icon-header\">\n<h4 class=\"aio-icon-title ult-responsive\" data-ultimate-target=\"#Info-box-wrap-6893 .aio-icon-title\" data-responsive-json-new=\"{&quot;font-size&quot;:&quot;desktop:26px;&quot;,&quot;line-height&quot;:&quot;desktop:36px;&quot;}\"><span style=\"color: #f27920;\">Autoridades y organismos gubernamentales<\/span><\/h4>\n<\/div>\n<div class=\"aio-icon-description ult-responsive\" data-ultimate-target=\"#Info-box-wrap-6893 .aio-icon-description\" data-responsive-json-new=\"{&quot;font-size&quot;:&quot;&quot;,&quot;line-height&quot;:&quot;&quot;}\">\n<div class=\"page\" title=\"Page 1\">\n<div class=\"layoutArea\">\n<div class=\"column\">\n<ul>\n<li>Los gobiernos se benefician de una mejor informacio\u0301n acerca de los recursos naturales y una mayor<br \/>\ncapacidad te\u0301cnica e institucional para la gestio\u0301n sostenible de los recursos naturales.<\/p>\n<p>Fotos: Proyecto Amazon\u00eda Resiliente- SERNANP-PNUD<\/li>\n<\/ul>\n<\/div>\n<\/div>\n<\/div>\n<\/div>\n<\/div>\n<p>[\/vc_column_text][\/vc_column][\/vc_row]<\/p>\n","protected":false},"excerpt":{"rendered":"<p>[vc_row][vc_column][vc_column_text css_animation=\u00bbbounceIn\u00bb] La Reserva de Biosfera Oxapampa Ash\u00e1ninka Y\u00e1nesha (BIOAY) ofrece un abanico de oportunidades en beneficio de la provincia de Oxapampa y sus pobladores, desde la preservacio\u0301n de la biodiversidad, el adecuado uso de los recursos naturales, el desarrollo de la innovacio\u0301n en campos como la agricultura ecolo\u0301gica, el turismo sostenible, las energi\u0301as renovables&hellip;<\/p>\n","protected":false},"author":4,"featured_media":0,"parent":0,"menu_order":0,"comment_status":"closed","ping_status":"closed","template":"","meta":{"_joinchat":[]},"class_list":["post-1266","page","type-page","status-publish","hentry","description-off"],"yoast_head":"<!-- This site is optimized with the Yoast SEO plugin v26.2 - https:\/\/yoast.com\/wordpress\/plugins\/seo\/ -->\n<title>\u00bfC\u00f3mo nos benefeciamos con la BIOAY? - BIOAY<\/title>\n<meta name=\"robots\" content=\"index, follow, max-snippet:-1, max-image-preview:large, max-video-preview:-1\" \/>\n<link rel=\"canonical\" href=\"https:\/\/bioay.org\/?page_id=1266\" \/>\n<meta property=\"og:locale\" content=\"es_ES\" \/>\n<meta property=\"og:type\" content=\"article\" \/>\n<meta property=\"og:title\" content=\"\u00bfC\u00f3mo nos benefeciamos con la BIOAY? - BIOAY\" \/>\n<meta property=\"og:description\" content=\"[vc_row][vc_column][vc_column_text css_animation=\u00bbbounceIn\u00bb] La Reserva de Biosfera Oxapampa Ash\u00e1ninka Y\u00e1nesha (BIOAY) ofrece un abanico de oportunidades en beneficio de la provincia de Oxapampa y sus pobladores, desde la preservacio\u0301n de la biodiversidad, el adecuado uso de los recursos naturales, el desarrollo de la innovacio\u0301n en campos como la agricultura ecolo\u0301gica, el turismo sostenible, las energi\u0301as renovables&hellip;\" \/>\n<meta property=\"og:url\" content=\"https:\/\/bioay.org\/?page_id=1266\" \/>\n<meta property=\"og:site_name\" content=\"BIOAY\" \/>\n<meta property=\"article:publisher\" content=\"https:\/\/web.facebook.com\/BIOAYOFICIAL\" \/>\n<meta property=\"article:modified_time\" content=\"2020-08-31T02:29:21+00:00\" \/>\n<meta name=\"twitter:card\" content=\"summary_large_image\" \/>\n<meta name=\"twitter:site\" content=\"@biosferaoxa\" \/>\n<meta name=\"twitter:label1\" content=\"Tiempo de lectura\" \/>\n\t<meta name=\"twitter:data1\" content=\"2 minutos\" \/>\n<script type=\"application\/ld+json\" class=\"yoast-schema-graph\">{\"@context\":\"https:\/\/schema.org\",\"@graph\":[{\"@type\":\"WebPage\",\"@id\":\"https:\/\/bioay.org\/?page_id=1266\",\"url\":\"https:\/\/bioay.org\/?page_id=1266\",\"name\":\"\u00bfC\u00f3mo nos benefeciamos con la BIOAY? - BIOAY\",\"isPartOf\":{\"@id\":\"https:\/\/bioay.org\/#website\"},\"datePublished\":\"2020-06-25T14:36:32+00:00\",\"dateModified\":\"2020-08-31T02:29:21+00:00\",\"breadcrumb\":{\"@id\":\"https:\/\/bioay.org\/?page_id=1266#breadcrumb\"},\"inLanguage\":\"es\",\"potentialAction\":[{\"@type\":\"ReadAction\",\"target\":[\"https:\/\/bioay.org\/?page_id=1266\"]}]},{\"@type\":\"BreadcrumbList\",\"@id\":\"https:\/\/bioay.org\/?page_id=1266#breadcrumb\",\"itemListElement\":[{\"@type\":\"ListItem\",\"position\":1,\"name\":\"Portada\",\"item\":\"https:\/\/bioay.org\/\"},{\"@type\":\"ListItem\",\"position\":2,\"name\":\"\u00bfC\u00f3mo nos benefeciamos con la BIOAY?\"}]},{\"@type\":\"WebSite\",\"@id\":\"https:\/\/bioay.org\/#website\",\"url\":\"https:\/\/bioay.org\/\",\"name\":\"Reserva de Biosfera Oxapampa Ash\u00e1ninka Y\u00e1nesha\",\"description\":\"Reserva de Bi\u00f3sfera Oxapampa Ashaninka Yanesha\",\"publisher\":{\"@id\":\"https:\/\/bioay.org\/#organization\"},\"potentialAction\":[{\"@type\":\"SearchAction\",\"target\":{\"@type\":\"EntryPoint\",\"urlTemplate\":\"https:\/\/bioay.org\/?s={search_term_string}\"},\"query-input\":{\"@type\":\"PropertyValueSpecification\",\"valueRequired\":true,\"valueName\":\"search_term_string\"}}],\"inLanguage\":\"es\"},{\"@type\":\"Organization\",\"@id\":\"https:\/\/bioay.org\/#organization\",\"name\":\"Reserva de Biosfera Oxapampa Ash\u00e1ninka Y\u00e1nesha\",\"url\":\"https:\/\/bioay.org\/\",\"logo\":{\"@type\":\"ImageObject\",\"inLanguage\":\"es\",\"@id\":\"https:\/\/bioay.org\/#\/schema\/logo\/image\/\",\"url\":\"https:\/\/bioay.org\/wp-content\/uploads\/2020\/09\/logo-bioay-1.png\",\"contentUrl\":\"https:\/\/bioay.org\/wp-content\/uploads\/2020\/09\/logo-bioay-1.png\",\"width\":225,\"height\":225,\"caption\":\"Reserva de Biosfera Oxapampa Ash\u00e1ninka Y\u00e1nesha\"},\"image\":{\"@id\":\"https:\/\/bioay.org\/#\/schema\/logo\/image\/\"},\"sameAs\":[\"https:\/\/web.facebook.com\/BIOAYOFICIAL\",\"https:\/\/x.com\/biosferaoxa\",\"https:\/\/www.instagram.com\/biosferaoxapampa\/\",\"https:\/\/www.youtube.com\/channel\/UCKNpZrZsnVsKI4YgsaiTCbA\"]}]}<\/script>\n<!-- \/ Yoast SEO plugin. -->","yoast_head_json":{"title":"\u00bfC\u00f3mo nos benefeciamos con la BIOAY? - BIOAY","robots":{"index":"index","follow":"follow","max-snippet":"max-snippet:-1","max-image-preview":"max-image-preview:large","max-video-preview":"max-video-preview:-1"},"canonical":"https:\/\/bioay.org\/?page_id=1266","og_locale":"es_ES","og_type":"article","og_title":"\u00bfC\u00f3mo nos benefeciamos con la BIOAY? - BIOAY","og_description":"[vc_row][vc_column][vc_column_text css_animation=\u00bbbounceIn\u00bb] La Reserva de Biosfera Oxapampa Ash\u00e1ninka Y\u00e1nesha (BIOAY) ofrece un abanico de oportunidades en beneficio de la provincia de Oxapampa y sus pobladores, desde la preservacio\u0301n de la biodiversidad, el adecuado uso de los recursos naturales, el desarrollo de la innovacio\u0301n en campos como la agricultura ecolo\u0301gica, el turismo sostenible, las energi\u0301as renovables&hellip;","og_url":"https:\/\/bioay.org\/?page_id=1266","og_site_name":"BIOAY","article_publisher":"https:\/\/web.facebook.com\/BIOAYOFICIAL","article_modified_time":"2020-08-31T02:29:21+00:00","twitter_card":"summary_large_image","twitter_site":"@biosferaoxa","twitter_misc":{"Tiempo de lectura":"2 minutos"},"schema":{"@context":"https:\/\/schema.org","@graph":[{"@type":"WebPage","@id":"https:\/\/bioay.org\/?page_id=1266","url":"https:\/\/bioay.org\/?page_id=1266","name":"\u00bfC\u00f3mo nos benefeciamos con la BIOAY? - BIOAY","isPartOf":{"@id":"https:\/\/bioay.org\/#website"},"datePublished":"2020-06-25T14:36:32+00:00","dateModified":"2020-08-31T02:29:21+00:00","breadcrumb":{"@id":"https:\/\/bioay.org\/?page_id=1266#breadcrumb"},"inLanguage":"es","potentialAction":[{"@type":"ReadAction","target":["https:\/\/bioay.org\/?page_id=1266"]}]},{"@type":"BreadcrumbList","@id":"https:\/\/bioay.org\/?page_id=1266#breadcrumb","itemListElement":[{"@type":"ListItem","position":1,"name":"Portada","item":"https:\/\/bioay.org\/"},{"@type":"ListItem","position":2,"name":"\u00bfC\u00f3mo nos benefeciamos con la BIOAY?"}]},{"@type":"WebSite","@id":"https:\/\/bioay.org\/#website","url":"https:\/\/bioay.org\/","name":"Reserva de Biosfera Oxapampa Ash\u00e1ninka Y\u00e1nesha","description":"Reserva de Bi\u00f3sfera Oxapampa Ashaninka Yanesha","publisher":{"@id":"https:\/\/bioay.org\/#organization"},"potentialAction":[{"@type":"SearchAction","target":{"@type":"EntryPoint","urlTemplate":"https:\/\/bioay.org\/?s={search_term_string}"},"query-input":{"@type":"PropertyValueSpecification","valueRequired":true,"valueName":"search_term_string"}}],"inLanguage":"es"},{"@type":"Organization","@id":"https:\/\/bioay.org\/#organization","name":"Reserva de Biosfera Oxapampa Ash\u00e1ninka Y\u00e1nesha","url":"https:\/\/bioay.org\/","logo":{"@type":"ImageObject","inLanguage":"es","@id":"https:\/\/bioay.org\/#\/schema\/logo\/image\/","url":"https:\/\/bioay.org\/wp-content\/uploads\/2020\/09\/logo-bioay-1.png","contentUrl":"https:\/\/bioay.org\/wp-content\/uploads\/2020\/09\/logo-bioay-1.png","width":225,"height":225,"caption":"Reserva de Biosfera Oxapampa Ash\u00e1ninka Y\u00e1nesha"},"image":{"@id":"https:\/\/bioay.org\/#\/schema\/logo\/image\/"},"sameAs":["https:\/\/web.facebook.com\/BIOAYOFICIAL","https:\/\/x.com\/biosferaoxa","https:\/\/www.instagram.com\/biosferaoxapampa\/","https:\/\/www.youtube.com\/channel\/UCKNpZrZsnVsKI4YgsaiTCbA"]}]}},"_links":{"self":[{"href":"https:\/\/bioay.org\/index.php?rest_route=\/wp\/v2\/pages\/1266","targetHints":{"allow":["GET"]}}],"collection":[{"href":"https:\/\/bioay.org\/index.php?rest_route=\/wp\/v2\/pages"}],"about":[{"href":"https:\/\/bioay.org\/index.php?rest_route=\/wp\/v2\/types\/page"}],"author":[{"embeddable":true,"href":"https:\/\/bioay.org\/index.php?rest_route=\/wp\/v2\/users\/4"}],"replies":[{"embeddable":true,"href":"https:\/\/bioay.org\/index.php?rest_route=%2Fwp%2Fv2%2Fcomments&post=1266"}],"version-history":[{"count":14,"href":"https:\/\/bioay.org\/index.php?rest_route=\/wp\/v2\/pages\/1266\/revisions"}],"predecessor-version":[{"id":1401,"href":"https:\/\/bioay.org\/index.php?rest_route=\/wp\/v2\/pages\/1266\/revisions\/1401"}],"wp:attachment":[{"href":"https:\/\/bioay.org\/index.php?rest_route=%2Fwp%2Fv2%2Fmedia&parent=1266"}],"curies":[{"name":"wp","href":"https:\/\/api.w.org\/{rel}","templated":true}]}}