{"id":1532,"date":"2020-09-03T03:27:00","date_gmt":"2020-09-03T03:27:00","guid":{"rendered":"https:\/\/bioay.org\/?page_id=1532"},"modified":"2020-09-04T12:11:29","modified_gmt":"2020-09-04T12:11:29","slug":"ashaninkas","status":"publish","type":"page","link":"https:\/\/bioay.org\/?page_id=1532","title":{"rendered":"Ash\u00e1ninkas"},"content":{"rendered":"<p>[vc_row][vc_column][vc_hoverbox image=\u00bb1534&#8243; primary_title=\u00bb\u00bb hover_title=\u00bbAsh\u00e1ninkas\u00bb hover_background_color=\u00bbwhite\u00bb]<\/p>\n<p style=\"text-align: justify;\">El pueblo Ash\u00e1ninka vive principalmente en el \u00e1rea que se extiende entre las laderas orientales de la Cordillera de los Andes y el alto Yur\u00faa, que abarca zonas de los pisos ecol\u00f3gicos de selva alta y de selva baja de los departamentos de Jun\u00edn, Ucayali, Hu\u00e1nuco, Cusco, Pasco y Ayacucho; y constituyen el pueblo ind\u00edgena amaz\u00f3nico demogr\u00e1ficamente m\u00e1s numeroso del Per\u00fa. Seg\u00fan los resultados de los censos nacional 2017, por sus costumbres y sus antepasados han sido 55,493 personas que se han autoidentificado como parte del pueblo Ashaninka a nivel nacional; y por el idioma o lengua materna con el que aprendi\u00f3 a hablar en su ni\u00f1ez han sido 73,567 personas que han manifestado que hablan la lengua Ashaninka que corresponde al 1,64% del total de lenguas originarias a nivel nacional. Adem\u00e1s, los datos obtenidos por el Ministerio de Cultura, la poblaci\u00f3n de las comunidades del pueblo Ashaninka se estima en 112,492 personas. Fuente: Ministerio de Cultura<\/p>\n<p>[\/vc_hoverbox][\/vc_column][\/vc_row][vc_row][vc_column][vc_separator][vc_column_text]<\/p>\n<h4 style=\"text-align: center;\">CRIANZA DE PECES Y CULTIVO DE CACAO DE LAS COMUNIDADES ASH\u00c1NINKAS<\/h4>\n<p>[\/vc_column_text][\/vc_column][\/vc_row][vc_row][vc_column][vc_video link=\u00bbhttps:\/\/www.youtube.com\/watch?v=F-PMkTcu6k8&#8243;][\/vc_column][\/vc_row][vc_row][vc_column][vc_column_text]<\/p>\n<p style=\"text-align: right;\">Fuente: DEVIDA<\/p>\n<p>[\/vc_column_text][\/vc_column][\/vc_row]<\/p>\n","protected":false},"excerpt":{"rendered":"<p>[vc_row][vc_column][vc_hoverbox image=\u00bb1534&#8243; primary_title=\u00bb\u00bb hover_title=\u00bbAsh\u00e1ninkas\u00bb hover_background_color=\u00bbwhite\u00bb] El pueblo Ash\u00e1ninka vive principalmente en el \u00e1rea que se extiende entre las laderas orientales de la Cordillera de los Andes y el alto Yur\u00faa, que abarca zonas de los pisos ecol\u00f3gicos de selva alta y de selva baja de los departamentos de Jun\u00edn, Ucayali, Hu\u00e1nuco, Cusco, Pasco y Ayacucho;&hellip;<\/p>\n","protected":false},"author":4,"featured_media":0,"parent":0,"menu_order":0,"comment_status":"closed","ping_status":"closed","template":"","meta":{"_joinchat":[]},"class_list":["post-1532","page","type-page","status-publish","hentry","description-off"],"yoast_head":"<!-- This site is optimized with the Yoast SEO plugin v26.2 - https:\/\/yoast.com\/wordpress\/plugins\/seo\/ -->\n<title>Ash\u00e1ninkas - BIOAY<\/title>\n<meta name=\"robots\" content=\"index, follow, max-snippet:-1, max-image-preview:large, max-video-preview:-1\" \/>\n<link rel=\"canonical\" href=\"https:\/\/bioay.org\/?page_id=1532\" \/>\n<meta property=\"og:locale\" content=\"es_ES\" \/>\n<meta property=\"og:type\" content=\"article\" \/>\n<meta property=\"og:title\" content=\"Ash\u00e1ninkas - BIOAY\" \/>\n<meta property=\"og:description\" content=\"[vc_row][vc_column][vc_hoverbox image=\u00bb1534&#8243; primary_title=\u00bb\u00bb hover_title=\u00bbAsh\u00e1ninkas\u00bb hover_background_color=\u00bbwhite\u00bb] El pueblo Ash\u00e1ninka vive principalmente en el \u00e1rea que se extiende entre las laderas orientales de la Cordillera de los Andes y el alto Yur\u00faa, que abarca zonas de los pisos ecol\u00f3gicos de selva alta y de selva baja de los departamentos de Jun\u00edn, Ucayali, Hu\u00e1nuco, Cusco, Pasco y Ayacucho;&hellip;\" \/>\n<meta property=\"og:url\" content=\"https:\/\/bioay.org\/?page_id=1532\" \/>\n<meta property=\"og:site_name\" content=\"BIOAY\" \/>\n<meta property=\"article:publisher\" content=\"https:\/\/web.facebook.com\/BIOAYOFICIAL\" \/>\n<meta property=\"article:modified_time\" content=\"2020-09-04T12:11:29+00:00\" \/>\n<meta name=\"twitter:card\" content=\"summary_large_image\" \/>\n<meta name=\"twitter:site\" content=\"@biosferaoxa\" \/>\n<meta name=\"twitter:label1\" content=\"Tiempo de lectura\" \/>\n\t<meta name=\"twitter:data1\" content=\"1 minuto\" \/>\n<script type=\"application\/ld+json\" class=\"yoast-schema-graph\">{\"@context\":\"https:\/\/schema.org\",\"@graph\":[{\"@type\":\"WebPage\",\"@id\":\"https:\/\/bioay.org\/?page_id=1532\",\"url\":\"https:\/\/bioay.org\/?page_id=1532\",\"name\":\"Ash\u00e1ninkas - BIOAY\",\"isPartOf\":{\"@id\":\"https:\/\/bioay.org\/#website\"},\"datePublished\":\"2020-09-03T03:27:00+00:00\",\"dateModified\":\"2020-09-04T12:11:29+00:00\",\"breadcrumb\":{\"@id\":\"https:\/\/bioay.org\/?page_id=1532#breadcrumb\"},\"inLanguage\":\"es\",\"potentialAction\":[{\"@type\":\"ReadAction\",\"target\":[\"https:\/\/bioay.org\/?page_id=1532\"]}]},{\"@type\":\"BreadcrumbList\",\"@id\":\"https:\/\/bioay.org\/?page_id=1532#breadcrumb\",\"itemListElement\":[{\"@type\":\"ListItem\",\"position\":1,\"name\":\"Portada\",\"item\":\"https:\/\/bioay.org\/\"},{\"@type\":\"ListItem\",\"position\":2,\"name\":\"Ash\u00e1ninkas\"}]},{\"@type\":\"WebSite\",\"@id\":\"https:\/\/bioay.org\/#website\",\"url\":\"https:\/\/bioay.org\/\",\"name\":\"Reserva de Biosfera Oxapampa Ash\u00e1ninka Y\u00e1nesha\",\"description\":\"Reserva de Bi\u00f3sfera Oxapampa Ashaninka Yanesha\",\"publisher\":{\"@id\":\"https:\/\/bioay.org\/#organization\"},\"potentialAction\":[{\"@type\":\"SearchAction\",\"target\":{\"@type\":\"EntryPoint\",\"urlTemplate\":\"https:\/\/bioay.org\/?s={search_term_string}\"},\"query-input\":{\"@type\":\"PropertyValueSpecification\",\"valueRequired\":true,\"valueName\":\"search_term_string\"}}],\"inLanguage\":\"es\"},{\"@type\":\"Organization\",\"@id\":\"https:\/\/bioay.org\/#organization\",\"name\":\"Reserva de Biosfera Oxapampa Ash\u00e1ninka Y\u00e1nesha\",\"url\":\"https:\/\/bioay.org\/\",\"logo\":{\"@type\":\"ImageObject\",\"inLanguage\":\"es\",\"@id\":\"https:\/\/bioay.org\/#\/schema\/logo\/image\/\",\"url\":\"https:\/\/bioay.org\/wp-content\/uploads\/2020\/09\/logo-bioay-1.png\",\"contentUrl\":\"https:\/\/bioay.org\/wp-content\/uploads\/2020\/09\/logo-bioay-1.png\",\"width\":225,\"height\":225,\"caption\":\"Reserva de Biosfera Oxapampa Ash\u00e1ninka Y\u00e1nesha\"},\"image\":{\"@id\":\"https:\/\/bioay.org\/#\/schema\/logo\/image\/\"},\"sameAs\":[\"https:\/\/web.facebook.com\/BIOAYOFICIAL\",\"https:\/\/x.com\/biosferaoxa\",\"https:\/\/www.instagram.com\/biosferaoxapampa\/\",\"https:\/\/www.youtube.com\/channel\/UCKNpZrZsnVsKI4YgsaiTCbA\"]}]}<\/script>\n<!-- \/ Yoast SEO plugin. -->","yoast_head_json":{"title":"Ash\u00e1ninkas - BIOAY","robots":{"index":"index","follow":"follow","max-snippet":"max-snippet:-1","max-image-preview":"max-image-preview:large","max-video-preview":"max-video-preview:-1"},"canonical":"https:\/\/bioay.org\/?page_id=1532","og_locale":"es_ES","og_type":"article","og_title":"Ash\u00e1ninkas - BIOAY","og_description":"[vc_row][vc_column][vc_hoverbox image=\u00bb1534&#8243; primary_title=\u00bb\u00bb hover_title=\u00bbAsh\u00e1ninkas\u00bb hover_background_color=\u00bbwhite\u00bb] El pueblo Ash\u00e1ninka vive principalmente en el \u00e1rea que se extiende entre las laderas orientales de la Cordillera de los Andes y el alto Yur\u00faa, que abarca zonas de los pisos ecol\u00f3gicos de selva alta y de selva baja de los departamentos de Jun\u00edn, Ucayali, Hu\u00e1nuco, Cusco, Pasco y Ayacucho;&hellip;","og_url":"https:\/\/bioay.org\/?page_id=1532","og_site_name":"BIOAY","article_publisher":"https:\/\/web.facebook.com\/BIOAYOFICIAL","article_modified_time":"2020-09-04T12:11:29+00:00","twitter_card":"summary_large_image","twitter_site":"@biosferaoxa","twitter_misc":{"Tiempo de lectura":"1 minuto"},"schema":{"@context":"https:\/\/schema.org","@graph":[{"@type":"WebPage","@id":"https:\/\/bioay.org\/?page_id=1532","url":"https:\/\/bioay.org\/?page_id=1532","name":"Ash\u00e1ninkas - BIOAY","isPartOf":{"@id":"https:\/\/bioay.org\/#website"},"datePublished":"2020-09-03T03:27:00+00:00","dateModified":"2020-09-04T12:11:29+00:00","breadcrumb":{"@id":"https:\/\/bioay.org\/?page_id=1532#breadcrumb"},"inLanguage":"es","potentialAction":[{"@type":"ReadAction","target":["https:\/\/bioay.org\/?page_id=1532"]}]},{"@type":"BreadcrumbList","@id":"https:\/\/bioay.org\/?page_id=1532#breadcrumb","itemListElement":[{"@type":"ListItem","position":1,"name":"Portada","item":"https:\/\/bioay.org\/"},{"@type":"ListItem","position":2,"name":"Ash\u00e1ninkas"}]},{"@type":"WebSite","@id":"https:\/\/bioay.org\/#website","url":"https:\/\/bioay.org\/","name":"Reserva de Biosfera Oxapampa Ash\u00e1ninka Y\u00e1nesha","description":"Reserva de Bi\u00f3sfera Oxapampa Ashaninka Yanesha","publisher":{"@id":"https:\/\/bioay.org\/#organization"},"potentialAction":[{"@type":"SearchAction","target":{"@type":"EntryPoint","urlTemplate":"https:\/\/bioay.org\/?s={search_term_string}"},"query-input":{"@type":"PropertyValueSpecification","valueRequired":true,"valueName":"search_term_string"}}],"inLanguage":"es"},{"@type":"Organization","@id":"https:\/\/bioay.org\/#organization","name":"Reserva de Biosfera Oxapampa Ash\u00e1ninka Y\u00e1nesha","url":"https:\/\/bioay.org\/","logo":{"@type":"ImageObject","inLanguage":"es","@id":"https:\/\/bioay.org\/#\/schema\/logo\/image\/","url":"https:\/\/bioay.org\/wp-content\/uploads\/2020\/09\/logo-bioay-1.png","contentUrl":"https:\/\/bioay.org\/wp-content\/uploads\/2020\/09\/logo-bioay-1.png","width":225,"height":225,"caption":"Reserva de Biosfera Oxapampa Ash\u00e1ninka Y\u00e1nesha"},"image":{"@id":"https:\/\/bioay.org\/#\/schema\/logo\/image\/"},"sameAs":["https:\/\/web.facebook.com\/BIOAYOFICIAL","https:\/\/x.com\/biosferaoxa","https:\/\/www.instagram.com\/biosferaoxapampa\/","https:\/\/www.youtube.com\/channel\/UCKNpZrZsnVsKI4YgsaiTCbA"]}]}},"_links":{"self":[{"href":"https:\/\/bioay.org\/index.php?rest_route=\/wp\/v2\/pages\/1532","targetHints":{"allow":["GET"]}}],"collection":[{"href":"https:\/\/bioay.org\/index.php?rest_route=\/wp\/v2\/pages"}],"about":[{"href":"https:\/\/bioay.org\/index.php?rest_route=\/wp\/v2\/types\/page"}],"author":[{"embeddable":true,"href":"https:\/\/bioay.org\/index.php?rest_route=\/wp\/v2\/users\/4"}],"replies":[{"embeddable":true,"href":"https:\/\/bioay.org\/index.php?rest_route=%2Fwp%2Fv2%2Fcomments&post=1532"}],"version-history":[{"count":5,"href":"https:\/\/bioay.org\/index.php?rest_route=\/wp\/v2\/pages\/1532\/revisions"}],"predecessor-version":[{"id":1564,"href":"https:\/\/bioay.org\/index.php?rest_route=\/wp\/v2\/pages\/1532\/revisions\/1564"}],"wp:attachment":[{"href":"https:\/\/bioay.org\/index.php?rest_route=%2Fwp%2Fv2%2Fmedia&parent=1532"}],"curies":[{"name":"wp","href":"https:\/\/api.w.org\/{rel}","templated":true}]}}