{"id":1536,"date":"2020-09-03T03:41:08","date_gmt":"2020-09-03T03:41:08","guid":{"rendered":"https:\/\/bioay.org\/?page_id=1536"},"modified":"2020-09-04T12:11:07","modified_gmt":"2020-09-04T12:11:07","slug":"yaneshas","status":"publish","type":"page","link":"https:\/\/bioay.org\/?page_id=1536","title":{"rendered":"Y\u00c1NESHAS"},"content":{"rendered":"<p>[vc_row][vc_column][vc_hoverbox image=\u00bb1443&#8243; primary_title=\u00bb\u00bb hover_title=\u00bbY\u00e1neshas\u00bb hover_background_color=\u00bbwhite\u00bb]<\/p>\n<p style=\"text-align: justify;\">Yapa\u2019 yaneshay yan\u00f1o\u2019te\u00f1\u00f1a\u00f1 \u00f1amha ye\u00f1oterr\u00f1a\u00f1 kowen poeserrpar\u00f1\u00e1xhno, poemorre\u00f1\u00e1xhno \u00f1amha po\u2019po\u00f1 poe\u00f1ote\u00f1\u00e1xhno mella\u00f1othe\u00f1\u00e9xhno e\u2019\u00f1e y\u00e1ta\u00f1nesh\u00f3th. Allothpa\u2019 ama y\u00e9pseno ora y\u00e9yxhe\u00f1a \u00f1\u00e9\u00f1th ye\u2019\u00f1\u00f3torrt\u00e1tene\u2019. Attho o\u2019 y\u00e1\u00f1\u00f1o\u2019tamhperr\u00f1a\u00f1 po\u00e9yxhe\u00f1a, poe\u00f1ote\u00f1a y\u00e1ta\u00f1nesha\u00f1 a\u00f1ek\u00f3p allothcha\u2019; e\u00f1oterran, cheme\u2019terran, yexherran errapharen anets\u00f3xhno pa\u2019namen po\u00e9yxhe\u00f1a Yanesha\u2019, \u00f1e\u00f1th \u00e1rrm\u00e1tanatarethteyerrts\u00e1 arrothe\u00f1 char 1,950. Ora a\u00f1exhno \u00f1e\u00f1thcha\u2019 \u00f3rrterrts\u00e1 errapharen as\u00e9r \u00f1o\u2019tsetsmh\u00f3th \u00e1\u00f1 llesenserr\u00e9ts \u00f1amha a`p\u00f3kt\u00e1terre\u2019 \u00f1o\u00f1\u00e9ts ora Yanesha\u2019 \u00e9poet poe\u00f1anesha\u2019 papxhe\u00f1a.<\/p>\n<p style=\"text-align: justify;\">Los Y\u00e1nesha conservamos un patrimonio muy rico de textos orales, cantos y otros conocimientos que tratan sobre nuestros ancestros, nuestro espacio hist\u00f3rico-cultural y nuestra identidad. El Archivo Virtual de la Memoria Y\u00e1nesha permite por primera vez el acceso a varias colecciones de grabaciones de audio, videos, dibujos, fotos y documentos sobre el pueblo Y\u00e1nesha que vienen siendo recolectadas desde los a\u00f1os cincuenta. Esta iniciativa es el resultado de una colaboraci\u00f3n entre el pueblo Y\u00e1nesha y e IBC Per\u00fa. Puedes encontrarlo en www.yanesha.com<\/p>\n<p>[\/vc_hoverbox][\/vc_column][\/vc_row][vc_row][vc_column][vc_separator][\/vc_column][\/vc_row][vc_row][vc_column][vc_column_text]<\/p>\n<h4 style=\"text-align: center;\"><strong>LOS PAISAJES ANCESTRALES DEL PUEBLO Y\u00c1NESHA<\/strong><\/h4>\n<h3 style=\"text-align: center;\"><\/h3>\n<p>[\/vc_column_text][vc_video link=\u00bbhttps:\/\/www.youtube.com\/watch?v=Al8Xlp_zzoU&#038;t=16s\u00bb][\/vc_column][\/vc_row][vc_row][vc_column][vc_column_text]<\/p>\n<p style=\"text-align: right;\">Fuente: Ministerio del Cultura<\/p>\n<p>[\/vc_column_text][\/vc_column][\/vc_row]<\/p>\n","protected":false},"excerpt":{"rendered":"<p>[vc_row][vc_column][vc_hoverbox image=\u00bb1443&#8243; primary_title=\u00bb\u00bb hover_title=\u00bbY\u00e1neshas\u00bb hover_background_color=\u00bbwhite\u00bb] Yapa\u2019 yaneshay yan\u00f1o\u2019te\u00f1\u00f1a\u00f1 \u00f1amha ye\u00f1oterr\u00f1a\u00f1 kowen poeserrpar\u00f1\u00e1xhno, poemorre\u00f1\u00e1xhno \u00f1amha po\u2019po\u00f1 poe\u00f1ote\u00f1\u00e1xhno mella\u00f1othe\u00f1\u00e9xhno e\u2019\u00f1e y\u00e1ta\u00f1nesh\u00f3th. Allothpa\u2019 ama y\u00e9pseno ora y\u00e9yxhe\u00f1a \u00f1\u00e9\u00f1th ye\u2019\u00f1\u00f3torrt\u00e1tene\u2019. Attho o\u2019 y\u00e1\u00f1\u00f1o\u2019tamhperr\u00f1a\u00f1 po\u00e9yxhe\u00f1a, poe\u00f1ote\u00f1a y\u00e1ta\u00f1nesha\u00f1 a\u00f1ek\u00f3p allothcha\u2019; e\u00f1oterran, cheme\u2019terran, yexherran errapharen anets\u00f3xhno pa\u2019namen po\u00e9yxhe\u00f1a Yanesha\u2019, \u00f1e\u00f1th \u00e1rrm\u00e1tanatarethteyerrts\u00e1 arrothe\u00f1 char 1,950. Ora a\u00f1exhno \u00f1e\u00f1thcha\u2019 \u00f3rrterrts\u00e1 errapharen as\u00e9r \u00f1o\u2019tsetsmh\u00f3th \u00e1\u00f1&hellip;<\/p>\n","protected":false},"author":4,"featured_media":0,"parent":0,"menu_order":0,"comment_status":"closed","ping_status":"closed","template":"","meta":{"_joinchat":[]},"class_list":["post-1536","page","type-page","status-publish","hentry","description-off"],"yoast_head":"<!-- This site is optimized with the Yoast SEO plugin v26.2 - https:\/\/yoast.com\/wordpress\/plugins\/seo\/ -->\n<title>Y\u00c1NESHAS - BIOAY<\/title>\n<meta name=\"robots\" content=\"index, follow, max-snippet:-1, max-image-preview:large, max-video-preview:-1\" \/>\n<link rel=\"canonical\" href=\"https:\/\/bioay.org\/?page_id=1536\" \/>\n<meta property=\"og:locale\" content=\"es_ES\" \/>\n<meta property=\"og:type\" content=\"article\" \/>\n<meta property=\"og:title\" content=\"Y\u00c1NESHAS - BIOAY\" \/>\n<meta property=\"og:description\" content=\"[vc_row][vc_column][vc_hoverbox image=\u00bb1443&#8243; primary_title=\u00bb\u00bb hover_title=\u00bbY\u00e1neshas\u00bb hover_background_color=\u00bbwhite\u00bb] Yapa\u2019 yaneshay yan\u00f1o\u2019te\u00f1\u00f1a\u00f1 \u00f1amha ye\u00f1oterr\u00f1a\u00f1 kowen poeserrpar\u00f1\u00e1xhno, poemorre\u00f1\u00e1xhno \u00f1amha po\u2019po\u00f1 poe\u00f1ote\u00f1\u00e1xhno mella\u00f1othe\u00f1\u00e9xhno e\u2019\u00f1e y\u00e1ta\u00f1nesh\u00f3th. Allothpa\u2019 ama y\u00e9pseno ora y\u00e9yxhe\u00f1a \u00f1\u00e9\u00f1th ye\u2019\u00f1\u00f3torrt\u00e1tene\u2019. Attho o\u2019 y\u00e1\u00f1\u00f1o\u2019tamhperr\u00f1a\u00f1 po\u00e9yxhe\u00f1a, poe\u00f1ote\u00f1a y\u00e1ta\u00f1nesha\u00f1 a\u00f1ek\u00f3p allothcha\u2019; e\u00f1oterran, cheme\u2019terran, yexherran errapharen anets\u00f3xhno pa\u2019namen po\u00e9yxhe\u00f1a Yanesha\u2019, \u00f1e\u00f1th \u00e1rrm\u00e1tanatarethteyerrts\u00e1 arrothe\u00f1 char 1,950. Ora a\u00f1exhno \u00f1e\u00f1thcha\u2019 \u00f3rrterrts\u00e1 errapharen as\u00e9r \u00f1o\u2019tsetsmh\u00f3th \u00e1\u00f1&hellip;\" \/>\n<meta property=\"og:url\" content=\"https:\/\/bioay.org\/?page_id=1536\" \/>\n<meta property=\"og:site_name\" content=\"BIOAY\" \/>\n<meta property=\"article:publisher\" content=\"https:\/\/web.facebook.com\/BIOAYOFICIAL\" \/>\n<meta property=\"article:modified_time\" content=\"2020-09-04T12:11:07+00:00\" \/>\n<meta name=\"twitter:card\" content=\"summary_large_image\" \/>\n<meta name=\"twitter:site\" content=\"@biosferaoxa\" \/>\n<meta name=\"twitter:label1\" content=\"Tiempo de lectura\" \/>\n\t<meta name=\"twitter:data1\" content=\"1 minuto\" \/>\n<script type=\"application\/ld+json\" class=\"yoast-schema-graph\">{\"@context\":\"https:\/\/schema.org\",\"@graph\":[{\"@type\":\"WebPage\",\"@id\":\"https:\/\/bioay.org\/?page_id=1536\",\"url\":\"https:\/\/bioay.org\/?page_id=1536\",\"name\":\"Y\u00c1NESHAS - BIOAY\",\"isPartOf\":{\"@id\":\"https:\/\/bioay.org\/#website\"},\"datePublished\":\"2020-09-03T03:41:08+00:00\",\"dateModified\":\"2020-09-04T12:11:07+00:00\",\"breadcrumb\":{\"@id\":\"https:\/\/bioay.org\/?page_id=1536#breadcrumb\"},\"inLanguage\":\"es\",\"potentialAction\":[{\"@type\":\"ReadAction\",\"target\":[\"https:\/\/bioay.org\/?page_id=1536\"]}]},{\"@type\":\"BreadcrumbList\",\"@id\":\"https:\/\/bioay.org\/?page_id=1536#breadcrumb\",\"itemListElement\":[{\"@type\":\"ListItem\",\"position\":1,\"name\":\"Portada\",\"item\":\"https:\/\/bioay.org\/\"},{\"@type\":\"ListItem\",\"position\":2,\"name\":\"Y\u00c1NESHAS\"}]},{\"@type\":\"WebSite\",\"@id\":\"https:\/\/bioay.org\/#website\",\"url\":\"https:\/\/bioay.org\/\",\"name\":\"Reserva de Biosfera Oxapampa Ash\u00e1ninka Y\u00e1nesha\",\"description\":\"Reserva de Bi\u00f3sfera Oxapampa Ashaninka Yanesha\",\"publisher\":{\"@id\":\"https:\/\/bioay.org\/#organization\"},\"potentialAction\":[{\"@type\":\"SearchAction\",\"target\":{\"@type\":\"EntryPoint\",\"urlTemplate\":\"https:\/\/bioay.org\/?s={search_term_string}\"},\"query-input\":{\"@type\":\"PropertyValueSpecification\",\"valueRequired\":true,\"valueName\":\"search_term_string\"}}],\"inLanguage\":\"es\"},{\"@type\":\"Organization\",\"@id\":\"https:\/\/bioay.org\/#organization\",\"name\":\"Reserva de Biosfera Oxapampa Ash\u00e1ninka Y\u00e1nesha\",\"url\":\"https:\/\/bioay.org\/\",\"logo\":{\"@type\":\"ImageObject\",\"inLanguage\":\"es\",\"@id\":\"https:\/\/bioay.org\/#\/schema\/logo\/image\/\",\"url\":\"https:\/\/bioay.org\/wp-content\/uploads\/2020\/09\/logo-bioay-1.png\",\"contentUrl\":\"https:\/\/bioay.org\/wp-content\/uploads\/2020\/09\/logo-bioay-1.png\",\"width\":225,\"height\":225,\"caption\":\"Reserva de Biosfera Oxapampa Ash\u00e1ninka Y\u00e1nesha\"},\"image\":{\"@id\":\"https:\/\/bioay.org\/#\/schema\/logo\/image\/\"},\"sameAs\":[\"https:\/\/web.facebook.com\/BIOAYOFICIAL\",\"https:\/\/x.com\/biosferaoxa\",\"https:\/\/www.instagram.com\/biosferaoxapampa\/\",\"https:\/\/www.youtube.com\/channel\/UCKNpZrZsnVsKI4YgsaiTCbA\"]}]}<\/script>\n<!-- \/ Yoast SEO plugin. -->","yoast_head_json":{"title":"Y\u00c1NESHAS - BIOAY","robots":{"index":"index","follow":"follow","max-snippet":"max-snippet:-1","max-image-preview":"max-image-preview:large","max-video-preview":"max-video-preview:-1"},"canonical":"https:\/\/bioay.org\/?page_id=1536","og_locale":"es_ES","og_type":"article","og_title":"Y\u00c1NESHAS - BIOAY","og_description":"[vc_row][vc_column][vc_hoverbox image=\u00bb1443&#8243; primary_title=\u00bb\u00bb hover_title=\u00bbY\u00e1neshas\u00bb hover_background_color=\u00bbwhite\u00bb] Yapa\u2019 yaneshay yan\u00f1o\u2019te\u00f1\u00f1a\u00f1 \u00f1amha ye\u00f1oterr\u00f1a\u00f1 kowen poeserrpar\u00f1\u00e1xhno, poemorre\u00f1\u00e1xhno \u00f1amha po\u2019po\u00f1 poe\u00f1ote\u00f1\u00e1xhno mella\u00f1othe\u00f1\u00e9xhno e\u2019\u00f1e y\u00e1ta\u00f1nesh\u00f3th. Allothpa\u2019 ama y\u00e9pseno ora y\u00e9yxhe\u00f1a \u00f1\u00e9\u00f1th ye\u2019\u00f1\u00f3torrt\u00e1tene\u2019. Attho o\u2019 y\u00e1\u00f1\u00f1o\u2019tamhperr\u00f1a\u00f1 po\u00e9yxhe\u00f1a, poe\u00f1ote\u00f1a y\u00e1ta\u00f1nesha\u00f1 a\u00f1ek\u00f3p allothcha\u2019; e\u00f1oterran, cheme\u2019terran, yexherran errapharen anets\u00f3xhno pa\u2019namen po\u00e9yxhe\u00f1a Yanesha\u2019, \u00f1e\u00f1th \u00e1rrm\u00e1tanatarethteyerrts\u00e1 arrothe\u00f1 char 1,950. Ora a\u00f1exhno \u00f1e\u00f1thcha\u2019 \u00f3rrterrts\u00e1 errapharen as\u00e9r \u00f1o\u2019tsetsmh\u00f3th \u00e1\u00f1&hellip;","og_url":"https:\/\/bioay.org\/?page_id=1536","og_site_name":"BIOAY","article_publisher":"https:\/\/web.facebook.com\/BIOAYOFICIAL","article_modified_time":"2020-09-04T12:11:07+00:00","twitter_card":"summary_large_image","twitter_site":"@biosferaoxa","twitter_misc":{"Tiempo de lectura":"1 minuto"},"schema":{"@context":"https:\/\/schema.org","@graph":[{"@type":"WebPage","@id":"https:\/\/bioay.org\/?page_id=1536","url":"https:\/\/bioay.org\/?page_id=1536","name":"Y\u00c1NESHAS - BIOAY","isPartOf":{"@id":"https:\/\/bioay.org\/#website"},"datePublished":"2020-09-03T03:41:08+00:00","dateModified":"2020-09-04T12:11:07+00:00","breadcrumb":{"@id":"https:\/\/bioay.org\/?page_id=1536#breadcrumb"},"inLanguage":"es","potentialAction":[{"@type":"ReadAction","target":["https:\/\/bioay.org\/?page_id=1536"]}]},{"@type":"BreadcrumbList","@id":"https:\/\/bioay.org\/?page_id=1536#breadcrumb","itemListElement":[{"@type":"ListItem","position":1,"name":"Portada","item":"https:\/\/bioay.org\/"},{"@type":"ListItem","position":2,"name":"Y\u00c1NESHAS"}]},{"@type":"WebSite","@id":"https:\/\/bioay.org\/#website","url":"https:\/\/bioay.org\/","name":"Reserva de Biosfera Oxapampa Ash\u00e1ninka Y\u00e1nesha","description":"Reserva de Bi\u00f3sfera Oxapampa Ashaninka Yanesha","publisher":{"@id":"https:\/\/bioay.org\/#organization"},"potentialAction":[{"@type":"SearchAction","target":{"@type":"EntryPoint","urlTemplate":"https:\/\/bioay.org\/?s={search_term_string}"},"query-input":{"@type":"PropertyValueSpecification","valueRequired":true,"valueName":"search_term_string"}}],"inLanguage":"es"},{"@type":"Organization","@id":"https:\/\/bioay.org\/#organization","name":"Reserva de Biosfera Oxapampa Ash\u00e1ninka Y\u00e1nesha","url":"https:\/\/bioay.org\/","logo":{"@type":"ImageObject","inLanguage":"es","@id":"https:\/\/bioay.org\/#\/schema\/logo\/image\/","url":"https:\/\/bioay.org\/wp-content\/uploads\/2020\/09\/logo-bioay-1.png","contentUrl":"https:\/\/bioay.org\/wp-content\/uploads\/2020\/09\/logo-bioay-1.png","width":225,"height":225,"caption":"Reserva de Biosfera Oxapampa Ash\u00e1ninka Y\u00e1nesha"},"image":{"@id":"https:\/\/bioay.org\/#\/schema\/logo\/image\/"},"sameAs":["https:\/\/web.facebook.com\/BIOAYOFICIAL","https:\/\/x.com\/biosferaoxa","https:\/\/www.instagram.com\/biosferaoxapampa\/","https:\/\/www.youtube.com\/channel\/UCKNpZrZsnVsKI4YgsaiTCbA"]}]}},"_links":{"self":[{"href":"https:\/\/bioay.org\/index.php?rest_route=\/wp\/v2\/pages\/1536","targetHints":{"allow":["GET"]}}],"collection":[{"href":"https:\/\/bioay.org\/index.php?rest_route=\/wp\/v2\/pages"}],"about":[{"href":"https:\/\/bioay.org\/index.php?rest_route=\/wp\/v2\/types\/page"}],"author":[{"embeddable":true,"href":"https:\/\/bioay.org\/index.php?rest_route=\/wp\/v2\/users\/4"}],"replies":[{"embeddable":true,"href":"https:\/\/bioay.org\/index.php?rest_route=%2Fwp%2Fv2%2Fcomments&post=1536"}],"version-history":[{"count":5,"href":"https:\/\/bioay.org\/index.php?rest_route=\/wp\/v2\/pages\/1536\/revisions"}],"predecessor-version":[{"id":1563,"href":"https:\/\/bioay.org\/index.php?rest_route=\/wp\/v2\/pages\/1536\/revisions\/1563"}],"wp:attachment":[{"href":"https:\/\/bioay.org\/index.php?rest_route=%2Fwp%2Fv2%2Fmedia&parent=1536"}],"curies":[{"name":"wp","href":"https:\/\/api.w.org\/{rel}","templated":true}]}}