{"id":1582,"date":"2020-09-04T12:56:59","date_gmt":"2020-09-04T12:56:59","guid":{"rendered":"https:\/\/bioay.org\/?page_id=1582"},"modified":"2020-09-04T13:27:43","modified_gmt":"2020-09-04T13:27:43","slug":"productos-turisticos-bioay","status":"publish","type":"page","link":"https:\/\/bioay.org\/?page_id=1582","title":{"rendered":"Productos Tur\u00edsticos BIOAY"},"content":{"rendered":"<p>[vc_row][vc_column][vc_column_text]<\/p>\n<blockquote>\n<h4 style=\"text-align: center;\">NUESTRO PRODUCTOS TUR\u00cdSTICOS<\/h4>\n<\/blockquote>\n<p>[\/vc_column_text][\/vc_column][\/vc_row][vc_row][vc_column][vc_tta_tour autoplay=\u00bb3&#8243; active_section=\u00bb1&#8243;][vc_tta_section title=\u00bb01&#8243; tab_id=\u00bb1599224650952-98059d03-fc86&#8243;][vc_single_image image=\u00bb1587&#8243; img_size=\u00bbfull\u00bb title=\u00bbPozuzo \u00danica Colonia Austro Alemana\u00bb][\/vc_tta_section][vc_tta_section title=\u00bb02&#8243; tab_id=\u00bb1599224650952-c0a5a139-7d7b\u00bb][vc_single_image image=\u00bb1493&#8243; img_size=\u00bbfull\u00bb title=\u00bbRuta del caf\u00e9 m\u00e1s fino del mundo\u00bb][\/vc_tta_section][vc_tta_section title=\u00bb03&#8243; tab_id=\u00bb1599225027700-b3f799b2-9209&#8243;][vc_single_image image=\u00bb1589&#8243; img_size=\u00bbfull\u00bb title=\u00bbParque Nacional Yanachaga Chemill\u00e9n \u2013 Un para\u00edso para conservar y admirar\u00bb][\/vc_tta_section][vc_tta_section title=\u00bb04&#8243; tab_id=\u00bb1599225034451-2610751f-b4b0&#8243;][vc_single_image image=\u00bb1590&#8243; img_size=\u00bbfull\u00bb title=\u00bbOxapampa autentica y natural\u00bb][\/vc_tta_section][vc_tta_section title=\u00bb05&#8243; tab_id=\u00bb1599225033043-e76e9f77-3303&#8243;][vc_single_image image=\u00bb1591&#8243; img_size=\u00bbfull\u00bb title=\u00bbAventura y Naturaleza\u00bb][\/vc_tta_section][\/vc_tta_tour][\/vc_column][\/vc_row]<\/p>\n","protected":false},"excerpt":{"rendered":"<p>[vc_row][vc_column][vc_column_text] NUESTRO PRODUCTOS TUR\u00cdSTICOS [\/vc_column_text][\/vc_column][\/vc_row][vc_row][vc_column][vc_tta_tour autoplay=\u00bb3&#8243; active_section=\u00bb1&#8243;][vc_tta_section title=\u00bb01&#8243; tab_id=\u00bb1599224650952-98059d03-fc86&#8243;][vc_single_image image=\u00bb1587&#8243; img_size=\u00bbfull\u00bb title=\u00bbPozuzo \u00danica Colonia Austro Alemana\u00bb][\/vc_tta_section][vc_tta_section title=\u00bb02&#8243; tab_id=\u00bb1599224650952-c0a5a139-7d7b\u00bb][vc_single_image image=\u00bb1493&#8243; img_size=\u00bbfull\u00bb title=\u00bbRuta del caf\u00e9 m\u00e1s fino del mundo\u00bb][\/vc_tta_section][vc_tta_section title=\u00bb03&#8243; tab_id=\u00bb1599225027700-b3f799b2-9209&#8243;][vc_single_image image=\u00bb1589&#8243; img_size=\u00bbfull\u00bb title=\u00bbParque Nacional Yanachaga Chemill\u00e9n \u2013 Un para\u00edso para conservar y admirar\u00bb][\/vc_tta_section][vc_tta_section title=\u00bb04&#8243; tab_id=\u00bb1599225034451-2610751f-b4b0&#8243;][vc_single_image image=\u00bb1590&#8243; img_size=\u00bbfull\u00bb title=\u00bbOxapampa autentica y natural\u00bb][\/vc_tta_section][vc_tta_section title=\u00bb05&#8243; tab_id=\u00bb1599225033043-e76e9f77-3303&#8243;][vc_single_image image=\u00bb1591&#8243; img_size=\u00bbfull\u00bb title=\u00bbAventura&hellip;<\/p>\n","protected":false},"author":4,"featured_media":0,"parent":0,"menu_order":0,"comment_status":"closed","ping_status":"closed","template":"","meta":{"_joinchat":[]},"class_list":["post-1582","page","type-page","status-publish","hentry","description-off"],"yoast_head":"<!-- This site is optimized with the Yoast SEO plugin v26.2 - https:\/\/yoast.com\/wordpress\/plugins\/seo\/ -->\n<title>Productos Tur\u00edsticos BIOAY - BIOAY<\/title>\n<meta name=\"robots\" content=\"index, follow, max-snippet:-1, max-image-preview:large, max-video-preview:-1\" \/>\n<link rel=\"canonical\" href=\"https:\/\/bioay.org\/?page_id=1582\" \/>\n<meta property=\"og:locale\" content=\"es_ES\" \/>\n<meta property=\"og:type\" content=\"article\" \/>\n<meta property=\"og:title\" content=\"Productos Tur\u00edsticos BIOAY - BIOAY\" \/>\n<meta property=\"og:description\" content=\"[vc_row][vc_column][vc_column_text] NUESTRO PRODUCTOS TUR\u00cdSTICOS [\/vc_column_text][\/vc_column][\/vc_row][vc_row][vc_column][vc_tta_tour autoplay=\u00bb3&#8243; active_section=\u00bb1&#8243;][vc_tta_section title=\u00bb01&#8243; tab_id=\u00bb1599224650952-98059d03-fc86&#8243;][vc_single_image image=\u00bb1587&#8243; img_size=\u00bbfull\u00bb title=\u00bbPozuzo \u00danica Colonia Austro Alemana\u00bb][\/vc_tta_section][vc_tta_section title=\u00bb02&#8243; tab_id=\u00bb1599224650952-c0a5a139-7d7b\u00bb][vc_single_image image=\u00bb1493&#8243; img_size=\u00bbfull\u00bb title=\u00bbRuta del caf\u00e9 m\u00e1s fino del mundo\u00bb][\/vc_tta_section][vc_tta_section title=\u00bb03&#8243; tab_id=\u00bb1599225027700-b3f799b2-9209&#8243;][vc_single_image image=\u00bb1589&#8243; img_size=\u00bbfull\u00bb title=\u00bbParque Nacional Yanachaga Chemill\u00e9n \u2013 Un para\u00edso para conservar y admirar\u00bb][\/vc_tta_section][vc_tta_section title=\u00bb04&#8243; tab_id=\u00bb1599225034451-2610751f-b4b0&#8243;][vc_single_image image=\u00bb1590&#8243; img_size=\u00bbfull\u00bb title=\u00bbOxapampa autentica y natural\u00bb][\/vc_tta_section][vc_tta_section title=\u00bb05&#8243; tab_id=\u00bb1599225033043-e76e9f77-3303&#8243;][vc_single_image image=\u00bb1591&#8243; img_size=\u00bbfull\u00bb title=\u00bbAventura&hellip;\" \/>\n<meta property=\"og:url\" content=\"https:\/\/bioay.org\/?page_id=1582\" \/>\n<meta property=\"og:site_name\" content=\"BIOAY\" \/>\n<meta property=\"article:publisher\" content=\"https:\/\/web.facebook.com\/BIOAYOFICIAL\" \/>\n<meta property=\"article:modified_time\" content=\"2020-09-04T13:27:43+00:00\" \/>\n<meta name=\"twitter:card\" content=\"summary_large_image\" \/>\n<meta name=\"twitter:site\" content=\"@biosferaoxa\" \/>\n<meta name=\"twitter:label1\" content=\"Tiempo de lectura\" \/>\n\t<meta name=\"twitter:data1\" content=\"1 minuto\" \/>\n<script type=\"application\/ld+json\" class=\"yoast-schema-graph\">{\"@context\":\"https:\/\/schema.org\",\"@graph\":[{\"@type\":\"WebPage\",\"@id\":\"https:\/\/bioay.org\/?page_id=1582\",\"url\":\"https:\/\/bioay.org\/?page_id=1582\",\"name\":\"Productos Tur\u00edsticos BIOAY - BIOAY\",\"isPartOf\":{\"@id\":\"https:\/\/bioay.org\/#website\"},\"datePublished\":\"2020-09-04T12:56:59+00:00\",\"dateModified\":\"2020-09-04T13:27:43+00:00\",\"breadcrumb\":{\"@id\":\"https:\/\/bioay.org\/?page_id=1582#breadcrumb\"},\"inLanguage\":\"es\",\"potentialAction\":[{\"@type\":\"ReadAction\",\"target\":[\"https:\/\/bioay.org\/?page_id=1582\"]}]},{\"@type\":\"BreadcrumbList\",\"@id\":\"https:\/\/bioay.org\/?page_id=1582#breadcrumb\",\"itemListElement\":[{\"@type\":\"ListItem\",\"position\":1,\"name\":\"Portada\",\"item\":\"https:\/\/bioay.org\/\"},{\"@type\":\"ListItem\",\"position\":2,\"name\":\"Productos Tur\u00edsticos BIOAY\"}]},{\"@type\":\"WebSite\",\"@id\":\"https:\/\/bioay.org\/#website\",\"url\":\"https:\/\/bioay.org\/\",\"name\":\"Reserva de Biosfera Oxapampa Ash\u00e1ninka Y\u00e1nesha\",\"description\":\"Reserva de Bi\u00f3sfera Oxapampa Ashaninka Yanesha\",\"publisher\":{\"@id\":\"https:\/\/bioay.org\/#organization\"},\"potentialAction\":[{\"@type\":\"SearchAction\",\"target\":{\"@type\":\"EntryPoint\",\"urlTemplate\":\"https:\/\/bioay.org\/?s={search_term_string}\"},\"query-input\":{\"@type\":\"PropertyValueSpecification\",\"valueRequired\":true,\"valueName\":\"search_term_string\"}}],\"inLanguage\":\"es\"},{\"@type\":\"Organization\",\"@id\":\"https:\/\/bioay.org\/#organization\",\"name\":\"Reserva de Biosfera Oxapampa Ash\u00e1ninka Y\u00e1nesha\",\"url\":\"https:\/\/bioay.org\/\",\"logo\":{\"@type\":\"ImageObject\",\"inLanguage\":\"es\",\"@id\":\"https:\/\/bioay.org\/#\/schema\/logo\/image\/\",\"url\":\"https:\/\/bioay.org\/wp-content\/uploads\/2020\/09\/logo-bioay-1.png\",\"contentUrl\":\"https:\/\/bioay.org\/wp-content\/uploads\/2020\/09\/logo-bioay-1.png\",\"width\":225,\"height\":225,\"caption\":\"Reserva de Biosfera Oxapampa Ash\u00e1ninka Y\u00e1nesha\"},\"image\":{\"@id\":\"https:\/\/bioay.org\/#\/schema\/logo\/image\/\"},\"sameAs\":[\"https:\/\/web.facebook.com\/BIOAYOFICIAL\",\"https:\/\/x.com\/biosferaoxa\",\"https:\/\/www.instagram.com\/biosferaoxapampa\/\",\"https:\/\/www.youtube.com\/channel\/UCKNpZrZsnVsKI4YgsaiTCbA\"]}]}<\/script>\n<!-- \/ Yoast SEO plugin. -->","yoast_head_json":{"title":"Productos Tur\u00edsticos BIOAY - BIOAY","robots":{"index":"index","follow":"follow","max-snippet":"max-snippet:-1","max-image-preview":"max-image-preview:large","max-video-preview":"max-video-preview:-1"},"canonical":"https:\/\/bioay.org\/?page_id=1582","og_locale":"es_ES","og_type":"article","og_title":"Productos Tur\u00edsticos BIOAY - BIOAY","og_description":"[vc_row][vc_column][vc_column_text] NUESTRO PRODUCTOS TUR\u00cdSTICOS [\/vc_column_text][\/vc_column][\/vc_row][vc_row][vc_column][vc_tta_tour autoplay=\u00bb3&#8243; active_section=\u00bb1&#8243;][vc_tta_section title=\u00bb01&#8243; tab_id=\u00bb1599224650952-98059d03-fc86&#8243;][vc_single_image image=\u00bb1587&#8243; img_size=\u00bbfull\u00bb title=\u00bbPozuzo \u00danica Colonia Austro Alemana\u00bb][\/vc_tta_section][vc_tta_section title=\u00bb02&#8243; tab_id=\u00bb1599224650952-c0a5a139-7d7b\u00bb][vc_single_image image=\u00bb1493&#8243; img_size=\u00bbfull\u00bb title=\u00bbRuta del caf\u00e9 m\u00e1s fino del mundo\u00bb][\/vc_tta_section][vc_tta_section title=\u00bb03&#8243; tab_id=\u00bb1599225027700-b3f799b2-9209&#8243;][vc_single_image image=\u00bb1589&#8243; img_size=\u00bbfull\u00bb title=\u00bbParque Nacional Yanachaga Chemill\u00e9n \u2013 Un para\u00edso para conservar y admirar\u00bb][\/vc_tta_section][vc_tta_section title=\u00bb04&#8243; tab_id=\u00bb1599225034451-2610751f-b4b0&#8243;][vc_single_image image=\u00bb1590&#8243; img_size=\u00bbfull\u00bb title=\u00bbOxapampa autentica y natural\u00bb][\/vc_tta_section][vc_tta_section title=\u00bb05&#8243; tab_id=\u00bb1599225033043-e76e9f77-3303&#8243;][vc_single_image image=\u00bb1591&#8243; img_size=\u00bbfull\u00bb title=\u00bbAventura&hellip;","og_url":"https:\/\/bioay.org\/?page_id=1582","og_site_name":"BIOAY","article_publisher":"https:\/\/web.facebook.com\/BIOAYOFICIAL","article_modified_time":"2020-09-04T13:27:43+00:00","twitter_card":"summary_large_image","twitter_site":"@biosferaoxa","twitter_misc":{"Tiempo de lectura":"1 minuto"},"schema":{"@context":"https:\/\/schema.org","@graph":[{"@type":"WebPage","@id":"https:\/\/bioay.org\/?page_id=1582","url":"https:\/\/bioay.org\/?page_id=1582","name":"Productos Tur\u00edsticos BIOAY - BIOAY","isPartOf":{"@id":"https:\/\/bioay.org\/#website"},"datePublished":"2020-09-04T12:56:59+00:00","dateModified":"2020-09-04T13:27:43+00:00","breadcrumb":{"@id":"https:\/\/bioay.org\/?page_id=1582#breadcrumb"},"inLanguage":"es","potentialAction":[{"@type":"ReadAction","target":["https:\/\/bioay.org\/?page_id=1582"]}]},{"@type":"BreadcrumbList","@id":"https:\/\/bioay.org\/?page_id=1582#breadcrumb","itemListElement":[{"@type":"ListItem","position":1,"name":"Portada","item":"https:\/\/bioay.org\/"},{"@type":"ListItem","position":2,"name":"Productos Tur\u00edsticos BIOAY"}]},{"@type":"WebSite","@id":"https:\/\/bioay.org\/#website","url":"https:\/\/bioay.org\/","name":"Reserva de Biosfera Oxapampa Ash\u00e1ninka Y\u00e1nesha","description":"Reserva de Bi\u00f3sfera Oxapampa Ashaninka Yanesha","publisher":{"@id":"https:\/\/bioay.org\/#organization"},"potentialAction":[{"@type":"SearchAction","target":{"@type":"EntryPoint","urlTemplate":"https:\/\/bioay.org\/?s={search_term_string}"},"query-input":{"@type":"PropertyValueSpecification","valueRequired":true,"valueName":"search_term_string"}}],"inLanguage":"es"},{"@type":"Organization","@id":"https:\/\/bioay.org\/#organization","name":"Reserva de Biosfera Oxapampa Ash\u00e1ninka Y\u00e1nesha","url":"https:\/\/bioay.org\/","logo":{"@type":"ImageObject","inLanguage":"es","@id":"https:\/\/bioay.org\/#\/schema\/logo\/image\/","url":"https:\/\/bioay.org\/wp-content\/uploads\/2020\/09\/logo-bioay-1.png","contentUrl":"https:\/\/bioay.org\/wp-content\/uploads\/2020\/09\/logo-bioay-1.png","width":225,"height":225,"caption":"Reserva de Biosfera Oxapampa Ash\u00e1ninka Y\u00e1nesha"},"image":{"@id":"https:\/\/bioay.org\/#\/schema\/logo\/image\/"},"sameAs":["https:\/\/web.facebook.com\/BIOAYOFICIAL","https:\/\/x.com\/biosferaoxa","https:\/\/www.instagram.com\/biosferaoxapampa\/","https:\/\/www.youtube.com\/channel\/UCKNpZrZsnVsKI4YgsaiTCbA"]}]}},"_links":{"self":[{"href":"https:\/\/bioay.org\/index.php?rest_route=\/wp\/v2\/pages\/1582","targetHints":{"allow":["GET"]}}],"collection":[{"href":"https:\/\/bioay.org\/index.php?rest_route=\/wp\/v2\/pages"}],"about":[{"href":"https:\/\/bioay.org\/index.php?rest_route=\/wp\/v2\/types\/page"}],"author":[{"embeddable":true,"href":"https:\/\/bioay.org\/index.php?rest_route=\/wp\/v2\/users\/4"}],"replies":[{"embeddable":true,"href":"https:\/\/bioay.org\/index.php?rest_route=%2Fwp%2Fv2%2Fcomments&post=1582"}],"version-history":[{"count":5,"href":"https:\/\/bioay.org\/index.php?rest_route=\/wp\/v2\/pages\/1582\/revisions"}],"predecessor-version":[{"id":1593,"href":"https:\/\/bioay.org\/index.php?rest_route=\/wp\/v2\/pages\/1582\/revisions\/1593"}],"wp:attachment":[{"href":"https:\/\/bioay.org\/index.php?rest_route=%2Fwp%2Fv2%2Fmedia&parent=1582"}],"curies":[{"name":"wp","href":"https:\/\/api.w.org\/{rel}","templated":true}]}}