{"id":2,"date":"2019-10-24T23:24:35","date_gmt":"2019-10-24T23:24:35","guid":{"rendered":"https:\/\/www.bioay.siembra.pe\/?page_id=2"},"modified":"2020-09-03T02:41:45","modified_gmt":"2020-09-03T02:41:45","slug":"sample-page","status":"publish","type":"page","link":"https:\/\/bioay.org\/?page_id=2","title":{"rendered":"Instrumentos de gesti\u00f3n de la BIOAY"},"content":{"rendered":"<p>[vc_row][vc_column][vc_column_text]<\/p>\n<h2 style=\"text-align: center;\"><strong>PLAN DE ACCI\u00d3N DE LA BIOAY<\/strong><\/h2>\n<p>[\/vc_column_text][\/vc_column][\/vc_row][vc_row][vc_column][vc_column_text]<\/p>\n<h5 style=\"text-align: center;\"><a href=\"https:\/\/bioay.org\/wp-content\/uploads\/2020\/08\/Plan-de-Accio%CC%81n-BIOAY-2019-2025-final-1.pdf\"><strong><span style=\"color: #f27920;\">Click aqu\u00ed para leer el documento completo<\/span><\/strong><\/a><\/h5>\n<p>[\/vc_column_text][\/vc_column][\/vc_row][vc_row][vc_column width=\u00bb1\/2&#8243;][vc_column_text css_animation=\u00bbfadeInUpBig\u00bb]<\/p>\n<p style=\"text-align: justify;\">El Plan de Acci\u00f3n de la Reserva de Biosfera Oxapampa-Ash\u00e1ninka-Y\u00e1nesha (PA-BIOAY) es una herramienta de gesti\u00f3n que busca establecer l\u00edneas de acci\u00f3n necesarias que permitan la aplicaci\u00f3n real y efectiva del concepto de Reserva de Biosfera a partir del fomento del desarrollo socioecon\u00f3mico de la poblaci\u00f3n local, la gesti\u00f3n y conservaci\u00f3n del medio ambiente y recursos naturales, y la participaci\u00f3n de diferentes instituciones, organizaciones, pueblos originarios y sociedad civil.<\/p>\n<p>[\/vc_column_text][\/vc_column][vc_column width=\u00bb1\/2&#8243;][vc_single_image image=\u00bb851&#8243; img_size=\u00bbfull\u00bb css_animation=\u00bbflipInY\u00bb][\/vc_column][\/vc_row][vc_row][vc_column][vc_column_text css_animation=\u00bbfadeIn\u00bb]<\/p>\n<h3 style=\"text-align: center;\"><strong>\u00bfCu\u00e1les son los objetivos del PLAN DE ACCI\u00d3N de la BIOAY?<\/strong><\/h3>\n<p>[\/vc_column_text][vc_column_text css_animation=\u00bbfadeIn\u00bb]<\/p>\n<p style=\"text-align: justify;\">El 30 de julio del 2020 fue lanzada la actualizaci\u00f3n del Plan de Acci\u00f3n de la Reserva de Bi\u00f3sfera Oxapampa \u2013 Ashaninka \u2013 Y\u00e1nesha (BIOAY) y su incorporaci\u00f3n en la Agenda Regional de Conmemoraci\u00f3n del Bicentenario de la regi\u00f3n Pasco. Este plan fue lanzado con la valiosa participaci\u00f3n de la UNESCO, la Comisi\u00f3n Ejecutiva de la BIOAY, la Municipalidad Provincial de Oxapampa, el Gobierno Regional de Pasco y el Proyecto Especial Bicentenario a trav\u00e9s de la Coordinaci\u00f3n de la Unidad de Articulaci\u00f3n y Promoci\u00f3n Interinstitucional, entre otras instituciones y personalidades.<\/p>\n<p style=\"text-align: justify;\">Este plan de acci\u00f3n permitir\u00e1 principalmente atender las funciones de conservaci\u00f3n, desarrollo y apoyo log\u00edstico en la Bi\u00f3sfera Oxapampa \u2013 Ashaninka \u2013 Y\u00e1nesha a trav\u00e9s de cinco objetivos estrat\u00e9gicos:<\/p>\n<ul>\n<li style=\"text-align: justify;\">Gobernanza colaborativa<\/li>\n<li style=\"text-align: justify;\">Gesti\u00f3n integral del territorio<\/li>\n<li style=\"text-align: justify;\">Conservaci\u00f3n de paisajes y ecosistemas<\/li>\n<li style=\"text-align: justify;\">Actividades econ\u00f3micas sostenibles<\/li>\n<li style=\"text-align: justify;\">Educaci\u00f3n, investigaci\u00f3n y saberes locales.<\/li>\n<\/ul>\n<p style=\"text-align: justify;\">Estos objetivos se alinean a las banderas que promueve el Proyecto Especial Bicentenario, como integraci\u00f3n y competitividad, sostenibilidad e identidad y diversidad. De esta manera, se busca fomentar el desarrollo econ\u00f3mico de la ciudadan\u00eda local y generar la participaci\u00f3n de diversas instituciones, organizaciones, pueblos originarios y sociedad civil en la tarea de gestionar y conservar de manera \u00f3ptima el medio ambiente y los recursos naturales de la zona. Al mismo tiempo, se reconoce lo valioso de nuestra identidad y diversidad para construir un nosotros en pro de conservar, restaurar, mantener y mejorar las condiciones para el desarrollo sostenible de la Reserva de Bi\u00f3sfera Oxapampa Ash\u00e1ninka Y\u00e1nesha (BIOAY).<br \/>\nFuente: Bicentenario del Per\u00fa[\/vc_column_text][\/vc_column][\/vc_row]<\/p>\n","protected":false},"excerpt":{"rendered":"<p>[vc_row][vc_column][vc_column_text] PLAN DE ACCI\u00d3N DE LA BIOAY [\/vc_column_text][\/vc_column][\/vc_row][vc_row][vc_column][vc_column_text] Click aqu\u00ed para leer el documento completo [\/vc_column_text][\/vc_column][\/vc_row][vc_row][vc_column width=\u00bb1\/2&#8243;][vc_column_text css_animation=\u00bbfadeInUpBig\u00bb] El Plan de Acci\u00f3n de la Reserva de Biosfera Oxapampa-Ash\u00e1ninka-Y\u00e1nesha (PA-BIOAY) es una herramienta de gesti\u00f3n que busca establecer l\u00edneas de acci\u00f3n necesarias que permitan la aplicaci\u00f3n real y efectiva del concepto de Reserva de Biosfera a&hellip;<\/p>\n","protected":false},"author":4,"featured_media":0,"parent":0,"menu_order":0,"comment_status":"closed","ping_status":"open","template":"","meta":{"_joinchat":[]},"class_list":["post-2","page","type-page","status-publish","hentry","description-off"],"yoast_head":"<!-- This site is optimized with the Yoast SEO plugin v26.2 - https:\/\/yoast.com\/wordpress\/plugins\/seo\/ -->\n<title>Instrumentos de gesti\u00f3n de la BIOAY - BIOAY<\/title>\n<meta name=\"robots\" content=\"index, follow, max-snippet:-1, max-image-preview:large, max-video-preview:-1\" \/>\n<link rel=\"canonical\" href=\"https:\/\/bioay.org\/?page_id=2\" \/>\n<meta property=\"og:locale\" content=\"es_ES\" \/>\n<meta property=\"og:type\" content=\"article\" \/>\n<meta property=\"og:title\" content=\"Instrumentos de gesti\u00f3n de la BIOAY - BIOAY\" \/>\n<meta property=\"og:description\" content=\"[vc_row][vc_column][vc_column_text] PLAN DE ACCI\u00d3N DE LA BIOAY [\/vc_column_text][\/vc_column][\/vc_row][vc_row][vc_column][vc_column_text] Click aqu\u00ed para leer el documento completo [\/vc_column_text][\/vc_column][\/vc_row][vc_row][vc_column width=\u00bb1\/2&#8243;][vc_column_text css_animation=\u00bbfadeInUpBig\u00bb] El Plan de Acci\u00f3n de la Reserva de Biosfera Oxapampa-Ash\u00e1ninka-Y\u00e1nesha (PA-BIOAY) es una herramienta de gesti\u00f3n que busca establecer l\u00edneas de acci\u00f3n necesarias que permitan la aplicaci\u00f3n real y efectiva del concepto de Reserva de Biosfera a&hellip;\" \/>\n<meta property=\"og:url\" content=\"https:\/\/bioay.org\/?page_id=2\" \/>\n<meta property=\"og:site_name\" content=\"BIOAY\" \/>\n<meta property=\"article:publisher\" content=\"https:\/\/web.facebook.com\/BIOAYOFICIAL\" \/>\n<meta property=\"article:modified_time\" content=\"2020-09-03T02:41:45+00:00\" \/>\n<meta name=\"twitter:card\" content=\"summary_large_image\" \/>\n<meta name=\"twitter:site\" content=\"@biosferaoxa\" \/>\n<meta name=\"twitter:label1\" content=\"Tiempo de lectura\" \/>\n\t<meta name=\"twitter:data1\" content=\"2 minutos\" \/>\n<script type=\"application\/ld+json\" class=\"yoast-schema-graph\">{\"@context\":\"https:\/\/schema.org\",\"@graph\":[{\"@type\":\"WebPage\",\"@id\":\"https:\/\/bioay.org\/?page_id=2\",\"url\":\"https:\/\/bioay.org\/?page_id=2\",\"name\":\"Instrumentos de gesti\u00f3n de la BIOAY - BIOAY\",\"isPartOf\":{\"@id\":\"https:\/\/bioay.org\/#website\"},\"datePublished\":\"2019-10-24T23:24:35+00:00\",\"dateModified\":\"2020-09-03T02:41:45+00:00\",\"breadcrumb\":{\"@id\":\"https:\/\/bioay.org\/?page_id=2#breadcrumb\"},\"inLanguage\":\"es\",\"potentialAction\":[{\"@type\":\"ReadAction\",\"target\":[\"https:\/\/bioay.org\/?page_id=2\"]}]},{\"@type\":\"BreadcrumbList\",\"@id\":\"https:\/\/bioay.org\/?page_id=2#breadcrumb\",\"itemListElement\":[{\"@type\":\"ListItem\",\"position\":1,\"name\":\"Portada\",\"item\":\"https:\/\/bioay.org\/\"},{\"@type\":\"ListItem\",\"position\":2,\"name\":\"Instrumentos de gesti\u00f3n de la BIOAY\"}]},{\"@type\":\"WebSite\",\"@id\":\"https:\/\/bioay.org\/#website\",\"url\":\"https:\/\/bioay.org\/\",\"name\":\"Reserva de Biosfera Oxapampa Ash\u00e1ninka Y\u00e1nesha\",\"description\":\"Reserva de Bi\u00f3sfera Oxapampa Ashaninka Yanesha\",\"publisher\":{\"@id\":\"https:\/\/bioay.org\/#organization\"},\"potentialAction\":[{\"@type\":\"SearchAction\",\"target\":{\"@type\":\"EntryPoint\",\"urlTemplate\":\"https:\/\/bioay.org\/?s={search_term_string}\"},\"query-input\":{\"@type\":\"PropertyValueSpecification\",\"valueRequired\":true,\"valueName\":\"search_term_string\"}}],\"inLanguage\":\"es\"},{\"@type\":\"Organization\",\"@id\":\"https:\/\/bioay.org\/#organization\",\"name\":\"Reserva de Biosfera Oxapampa Ash\u00e1ninka Y\u00e1nesha\",\"url\":\"https:\/\/bioay.org\/\",\"logo\":{\"@type\":\"ImageObject\",\"inLanguage\":\"es\",\"@id\":\"https:\/\/bioay.org\/#\/schema\/logo\/image\/\",\"url\":\"https:\/\/bioay.org\/wp-content\/uploads\/2020\/09\/logo-bioay-1.png\",\"contentUrl\":\"https:\/\/bioay.org\/wp-content\/uploads\/2020\/09\/logo-bioay-1.png\",\"width\":225,\"height\":225,\"caption\":\"Reserva de Biosfera Oxapampa Ash\u00e1ninka Y\u00e1nesha\"},\"image\":{\"@id\":\"https:\/\/bioay.org\/#\/schema\/logo\/image\/\"},\"sameAs\":[\"https:\/\/web.facebook.com\/BIOAYOFICIAL\",\"https:\/\/x.com\/biosferaoxa\",\"https:\/\/www.instagram.com\/biosferaoxapampa\/\",\"https:\/\/www.youtube.com\/channel\/UCKNpZrZsnVsKI4YgsaiTCbA\"]}]}<\/script>\n<!-- \/ Yoast SEO plugin. -->","yoast_head_json":{"title":"Instrumentos de gesti\u00f3n de la BIOAY - BIOAY","robots":{"index":"index","follow":"follow","max-snippet":"max-snippet:-1","max-image-preview":"max-image-preview:large","max-video-preview":"max-video-preview:-1"},"canonical":"https:\/\/bioay.org\/?page_id=2","og_locale":"es_ES","og_type":"article","og_title":"Instrumentos de gesti\u00f3n de la BIOAY - BIOAY","og_description":"[vc_row][vc_column][vc_column_text] PLAN DE ACCI\u00d3N DE LA BIOAY [\/vc_column_text][\/vc_column][\/vc_row][vc_row][vc_column][vc_column_text] Click aqu\u00ed para leer el documento completo [\/vc_column_text][\/vc_column][\/vc_row][vc_row][vc_column width=\u00bb1\/2&#8243;][vc_column_text css_animation=\u00bbfadeInUpBig\u00bb] El Plan de Acci\u00f3n de la Reserva de Biosfera Oxapampa-Ash\u00e1ninka-Y\u00e1nesha (PA-BIOAY) es una herramienta de gesti\u00f3n que busca establecer l\u00edneas de acci\u00f3n necesarias que permitan la aplicaci\u00f3n real y efectiva del concepto de Reserva de Biosfera a&hellip;","og_url":"https:\/\/bioay.org\/?page_id=2","og_site_name":"BIOAY","article_publisher":"https:\/\/web.facebook.com\/BIOAYOFICIAL","article_modified_time":"2020-09-03T02:41:45+00:00","twitter_card":"summary_large_image","twitter_site":"@biosferaoxa","twitter_misc":{"Tiempo de lectura":"2 minutos"},"schema":{"@context":"https:\/\/schema.org","@graph":[{"@type":"WebPage","@id":"https:\/\/bioay.org\/?page_id=2","url":"https:\/\/bioay.org\/?page_id=2","name":"Instrumentos de gesti\u00f3n de la BIOAY - BIOAY","isPartOf":{"@id":"https:\/\/bioay.org\/#website"},"datePublished":"2019-10-24T23:24:35+00:00","dateModified":"2020-09-03T02:41:45+00:00","breadcrumb":{"@id":"https:\/\/bioay.org\/?page_id=2#breadcrumb"},"inLanguage":"es","potentialAction":[{"@type":"ReadAction","target":["https:\/\/bioay.org\/?page_id=2"]}]},{"@type":"BreadcrumbList","@id":"https:\/\/bioay.org\/?page_id=2#breadcrumb","itemListElement":[{"@type":"ListItem","position":1,"name":"Portada","item":"https:\/\/bioay.org\/"},{"@type":"ListItem","position":2,"name":"Instrumentos de gesti\u00f3n de la BIOAY"}]},{"@type":"WebSite","@id":"https:\/\/bioay.org\/#website","url":"https:\/\/bioay.org\/","name":"Reserva de Biosfera Oxapampa Ash\u00e1ninka Y\u00e1nesha","description":"Reserva de Bi\u00f3sfera Oxapampa Ashaninka Yanesha","publisher":{"@id":"https:\/\/bioay.org\/#organization"},"potentialAction":[{"@type":"SearchAction","target":{"@type":"EntryPoint","urlTemplate":"https:\/\/bioay.org\/?s={search_term_string}"},"query-input":{"@type":"PropertyValueSpecification","valueRequired":true,"valueName":"search_term_string"}}],"inLanguage":"es"},{"@type":"Organization","@id":"https:\/\/bioay.org\/#organization","name":"Reserva de Biosfera Oxapampa Ash\u00e1ninka Y\u00e1nesha","url":"https:\/\/bioay.org\/","logo":{"@type":"ImageObject","inLanguage":"es","@id":"https:\/\/bioay.org\/#\/schema\/logo\/image\/","url":"https:\/\/bioay.org\/wp-content\/uploads\/2020\/09\/logo-bioay-1.png","contentUrl":"https:\/\/bioay.org\/wp-content\/uploads\/2020\/09\/logo-bioay-1.png","width":225,"height":225,"caption":"Reserva de Biosfera Oxapampa Ash\u00e1ninka Y\u00e1nesha"},"image":{"@id":"https:\/\/bioay.org\/#\/schema\/logo\/image\/"},"sameAs":["https:\/\/web.facebook.com\/BIOAYOFICIAL","https:\/\/x.com\/biosferaoxa","https:\/\/www.instagram.com\/biosferaoxapampa\/","https:\/\/www.youtube.com\/channel\/UCKNpZrZsnVsKI4YgsaiTCbA"]}]}},"_links":{"self":[{"href":"https:\/\/bioay.org\/index.php?rest_route=\/wp\/v2\/pages\/2","targetHints":{"allow":["GET"]}}],"collection":[{"href":"https:\/\/bioay.org\/index.php?rest_route=\/wp\/v2\/pages"}],"about":[{"href":"https:\/\/bioay.org\/index.php?rest_route=\/wp\/v2\/types\/page"}],"author":[{"embeddable":true,"href":"https:\/\/bioay.org\/index.php?rest_route=\/wp\/v2\/users\/4"}],"replies":[{"embeddable":true,"href":"https:\/\/bioay.org\/index.php?rest_route=%2Fwp%2Fv2%2Fcomments&post=2"}],"version-history":[{"count":15,"href":"https:\/\/bioay.org\/index.php?rest_route=\/wp\/v2\/pages\/2\/revisions"}],"predecessor-version":[{"id":1523,"href":"https:\/\/bioay.org\/index.php?rest_route=\/wp\/v2\/pages\/2\/revisions\/1523"}],"wp:attachment":[{"href":"https:\/\/bioay.org\/index.php?rest_route=%2Fwp%2Fv2%2Fmedia&parent=2"}],"curies":[{"name":"wp","href":"https:\/\/api.w.org\/{rel}","templated":true}]}}