{"id":2134,"date":"2023-08-03T15:10:18","date_gmt":"2023-08-03T15:10:18","guid":{"rendered":"https:\/\/bioay.org\/?page_id=2134"},"modified":"2023-09-14T22:13:58","modified_gmt":"2023-09-14T22:13:58","slug":"ruta-del-cafe","status":"publish","type":"page","link":"https:\/\/bioay.org\/?page_id=2134","title":{"rendered":"Ruta del Caf\u00e9"},"content":{"rendered":"<p>[vc_row][vc_column][vc_column_text]<\/p>\n<h2 class=\"wp-block-heading\">MAPA DE LA RUTA DEL CAF\u00c9<\/h2>\n<p>&nbsp;<\/p>\n<p><!-- \/wp:post-content -->&nbsp;[\/vc_column_text][\/vc_column][\/vc_row][vc_row][vc_column][vc_single_image image=\u00bb2196&#8243; img_size=\u00bb500X500&#8243; alignment=\u00bbcenter\u00bb onclick=\u00bbcustom_link\u00bb img_link_target=\u00bb_blank\u00bb title=\u00bbIngresar a ver el Mapa Interactivo\u00bb link=\u00bbhttps:\/\/padlet.com\/bioayrutasturisticas\/la-ruta-del-caf-pvw1rjgk61x5n2q2&#8243;][\/vc_column][\/vc_row]<\/p>\n","protected":false},"excerpt":{"rendered":"<p>[vc_row][vc_column][vc_column_text] MAPA DE LA RUTA DEL CAF\u00c9 &nbsp; &nbsp;[\/vc_column_text][\/vc_column][\/vc_row][vc_row][vc_column][vc_single_image image=\u00bb2196&#8243; img_size=\u00bb500X500&#8243; alignment=\u00bbcenter\u00bb onclick=\u00bbcustom_link\u00bb img_link_target=\u00bb_blank\u00bb title=\u00bbIngresar a ver el Mapa Interactivo\u00bb link=\u00bbhttps:\/\/padlet.com\/bioayrutasturisticas\/la-ruta-del-caf-pvw1rjgk61x5n2q2&#8243;][\/vc_column][\/vc_row]<\/p>\n","protected":false},"author":4,"featured_media":0,"parent":0,"menu_order":0,"comment_status":"closed","ping_status":"closed","template":"","meta":{"_joinchat":[]},"class_list":["post-2134","page","type-page","status-publish","hentry","description-off"],"yoast_head":"<!-- This site is optimized with the Yoast SEO plugin v26.2 - https:\/\/yoast.com\/wordpress\/plugins\/seo\/ -->\n<title>Ruta del Caf\u00e9 - BIOAY<\/title>\n<meta name=\"robots\" content=\"index, follow, max-snippet:-1, max-image-preview:large, max-video-preview:-1\" \/>\n<link rel=\"canonical\" href=\"https:\/\/bioay.org\/?page_id=2134\" \/>\n<meta property=\"og:locale\" content=\"es_ES\" \/>\n<meta property=\"og:type\" content=\"article\" \/>\n<meta property=\"og:title\" content=\"Ruta del Caf\u00e9 - BIOAY\" \/>\n<meta property=\"og:description\" content=\"[vc_row][vc_column][vc_column_text] MAPA DE LA RUTA DEL CAF\u00c9 &nbsp; &nbsp;[\/vc_column_text][\/vc_column][\/vc_row][vc_row][vc_column][vc_single_image image=\u00bb2196&#8243; img_size=\u00bb500X500&#8243; alignment=\u00bbcenter\u00bb onclick=\u00bbcustom_link\u00bb img_link_target=\u00bb_blank\u00bb title=\u00bbIngresar a ver el Mapa Interactivo\u00bb link=\u00bbhttps:\/\/padlet.com\/bioayrutasturisticas\/la-ruta-del-caf-pvw1rjgk61x5n2q2&#8243;][\/vc_column][\/vc_row]\" \/>\n<meta property=\"og:url\" content=\"https:\/\/bioay.org\/?page_id=2134\" \/>\n<meta property=\"og:site_name\" content=\"BIOAY\" \/>\n<meta property=\"article:publisher\" content=\"https:\/\/web.facebook.com\/BIOAYOFICIAL\" \/>\n<meta property=\"article:modified_time\" content=\"2023-09-14T22:13:58+00:00\" \/>\n<meta name=\"twitter:card\" content=\"summary_large_image\" \/>\n<meta name=\"twitter:site\" content=\"@biosferaoxa\" \/>\n<script type=\"application\/ld+json\" class=\"yoast-schema-graph\">{\"@context\":\"https:\/\/schema.org\",\"@graph\":[{\"@type\":\"WebPage\",\"@id\":\"https:\/\/bioay.org\/?page_id=2134\",\"url\":\"https:\/\/bioay.org\/?page_id=2134\",\"name\":\"Ruta del Caf\u00e9 - BIOAY\",\"isPartOf\":{\"@id\":\"https:\/\/bioay.org\/#website\"},\"datePublished\":\"2023-08-03T15:10:18+00:00\",\"dateModified\":\"2023-09-14T22:13:58+00:00\",\"breadcrumb\":{\"@id\":\"https:\/\/bioay.org\/?page_id=2134#breadcrumb\"},\"inLanguage\":\"es\",\"potentialAction\":[{\"@type\":\"ReadAction\",\"target\":[\"https:\/\/bioay.org\/?page_id=2134\"]}]},{\"@type\":\"BreadcrumbList\",\"@id\":\"https:\/\/bioay.org\/?page_id=2134#breadcrumb\",\"itemListElement\":[{\"@type\":\"ListItem\",\"position\":1,\"name\":\"Portada\",\"item\":\"https:\/\/bioay.org\/\"},{\"@type\":\"ListItem\",\"position\":2,\"name\":\"Ruta del Caf\u00e9\"}]},{\"@type\":\"WebSite\",\"@id\":\"https:\/\/bioay.org\/#website\",\"url\":\"https:\/\/bioay.org\/\",\"name\":\"Reserva de Biosfera Oxapampa Ash\u00e1ninka Y\u00e1nesha\",\"description\":\"Reserva de Bi\u00f3sfera Oxapampa Ashaninka Yanesha\",\"publisher\":{\"@id\":\"https:\/\/bioay.org\/#organization\"},\"potentialAction\":[{\"@type\":\"SearchAction\",\"target\":{\"@type\":\"EntryPoint\",\"urlTemplate\":\"https:\/\/bioay.org\/?s={search_term_string}\"},\"query-input\":{\"@type\":\"PropertyValueSpecification\",\"valueRequired\":true,\"valueName\":\"search_term_string\"}}],\"inLanguage\":\"es\"},{\"@type\":\"Organization\",\"@id\":\"https:\/\/bioay.org\/#organization\",\"name\":\"Reserva de Biosfera Oxapampa Ash\u00e1ninka Y\u00e1nesha\",\"url\":\"https:\/\/bioay.org\/\",\"logo\":{\"@type\":\"ImageObject\",\"inLanguage\":\"es\",\"@id\":\"https:\/\/bioay.org\/#\/schema\/logo\/image\/\",\"url\":\"https:\/\/bioay.org\/wp-content\/uploads\/2020\/09\/logo-bioay-1.png\",\"contentUrl\":\"https:\/\/bioay.org\/wp-content\/uploads\/2020\/09\/logo-bioay-1.png\",\"width\":225,\"height\":225,\"caption\":\"Reserva de Biosfera Oxapampa Ash\u00e1ninka Y\u00e1nesha\"},\"image\":{\"@id\":\"https:\/\/bioay.org\/#\/schema\/logo\/image\/\"},\"sameAs\":[\"https:\/\/web.facebook.com\/BIOAYOFICIAL\",\"https:\/\/x.com\/biosferaoxa\",\"https:\/\/www.instagram.com\/biosferaoxapampa\/\",\"https:\/\/www.youtube.com\/channel\/UCKNpZrZsnVsKI4YgsaiTCbA\"]}]}<\/script>\n<!-- \/ Yoast SEO plugin. -->","yoast_head_json":{"title":"Ruta del Caf\u00e9 - BIOAY","robots":{"index":"index","follow":"follow","max-snippet":"max-snippet:-1","max-image-preview":"max-image-preview:large","max-video-preview":"max-video-preview:-1"},"canonical":"https:\/\/bioay.org\/?page_id=2134","og_locale":"es_ES","og_type":"article","og_title":"Ruta del Caf\u00e9 - BIOAY","og_description":"[vc_row][vc_column][vc_column_text] MAPA DE LA RUTA DEL CAF\u00c9 &nbsp; &nbsp;[\/vc_column_text][\/vc_column][\/vc_row][vc_row][vc_column][vc_single_image image=\u00bb2196&#8243; img_size=\u00bb500X500&#8243; alignment=\u00bbcenter\u00bb onclick=\u00bbcustom_link\u00bb img_link_target=\u00bb_blank\u00bb title=\u00bbIngresar a ver el Mapa Interactivo\u00bb link=\u00bbhttps:\/\/padlet.com\/bioayrutasturisticas\/la-ruta-del-caf-pvw1rjgk61x5n2q2&#8243;][\/vc_column][\/vc_row]","og_url":"https:\/\/bioay.org\/?page_id=2134","og_site_name":"BIOAY","article_publisher":"https:\/\/web.facebook.com\/BIOAYOFICIAL","article_modified_time":"2023-09-14T22:13:58+00:00","twitter_card":"summary_large_image","twitter_site":"@biosferaoxa","schema":{"@context":"https:\/\/schema.org","@graph":[{"@type":"WebPage","@id":"https:\/\/bioay.org\/?page_id=2134","url":"https:\/\/bioay.org\/?page_id=2134","name":"Ruta del Caf\u00e9 - BIOAY","isPartOf":{"@id":"https:\/\/bioay.org\/#website"},"datePublished":"2023-08-03T15:10:18+00:00","dateModified":"2023-09-14T22:13:58+00:00","breadcrumb":{"@id":"https:\/\/bioay.org\/?page_id=2134#breadcrumb"},"inLanguage":"es","potentialAction":[{"@type":"ReadAction","target":["https:\/\/bioay.org\/?page_id=2134"]}]},{"@type":"BreadcrumbList","@id":"https:\/\/bioay.org\/?page_id=2134#breadcrumb","itemListElement":[{"@type":"ListItem","position":1,"name":"Portada","item":"https:\/\/bioay.org\/"},{"@type":"ListItem","position":2,"name":"Ruta del Caf\u00e9"}]},{"@type":"WebSite","@id":"https:\/\/bioay.org\/#website","url":"https:\/\/bioay.org\/","name":"Reserva de Biosfera Oxapampa Ash\u00e1ninka Y\u00e1nesha","description":"Reserva de Bi\u00f3sfera Oxapampa Ashaninka Yanesha","publisher":{"@id":"https:\/\/bioay.org\/#organization"},"potentialAction":[{"@type":"SearchAction","target":{"@type":"EntryPoint","urlTemplate":"https:\/\/bioay.org\/?s={search_term_string}"},"query-input":{"@type":"PropertyValueSpecification","valueRequired":true,"valueName":"search_term_string"}}],"inLanguage":"es"},{"@type":"Organization","@id":"https:\/\/bioay.org\/#organization","name":"Reserva de Biosfera Oxapampa Ash\u00e1ninka Y\u00e1nesha","url":"https:\/\/bioay.org\/","logo":{"@type":"ImageObject","inLanguage":"es","@id":"https:\/\/bioay.org\/#\/schema\/logo\/image\/","url":"https:\/\/bioay.org\/wp-content\/uploads\/2020\/09\/logo-bioay-1.png","contentUrl":"https:\/\/bioay.org\/wp-content\/uploads\/2020\/09\/logo-bioay-1.png","width":225,"height":225,"caption":"Reserva de Biosfera Oxapampa Ash\u00e1ninka Y\u00e1nesha"},"image":{"@id":"https:\/\/bioay.org\/#\/schema\/logo\/image\/"},"sameAs":["https:\/\/web.facebook.com\/BIOAYOFICIAL","https:\/\/x.com\/biosferaoxa","https:\/\/www.instagram.com\/biosferaoxapampa\/","https:\/\/www.youtube.com\/channel\/UCKNpZrZsnVsKI4YgsaiTCbA"]}]}},"_links":{"self":[{"href":"https:\/\/bioay.org\/index.php?rest_route=\/wp\/v2\/pages\/2134","targetHints":{"allow":["GET"]}}],"collection":[{"href":"https:\/\/bioay.org\/index.php?rest_route=\/wp\/v2\/pages"}],"about":[{"href":"https:\/\/bioay.org\/index.php?rest_route=\/wp\/v2\/types\/page"}],"author":[{"embeddable":true,"href":"https:\/\/bioay.org\/index.php?rest_route=\/wp\/v2\/users\/4"}],"replies":[{"embeddable":true,"href":"https:\/\/bioay.org\/index.php?rest_route=%2Fwp%2Fv2%2Fcomments&post=2134"}],"version-history":[{"count":6,"href":"https:\/\/bioay.org\/index.php?rest_route=\/wp\/v2\/pages\/2134\/revisions"}],"predecessor-version":[{"id":2200,"href":"https:\/\/bioay.org\/index.php?rest_route=\/wp\/v2\/pages\/2134\/revisions\/2200"}],"wp:attachment":[{"href":"https:\/\/bioay.org\/index.php?rest_route=%2Fwp%2Fv2%2Fmedia&parent=2134"}],"curies":[{"name":"wp","href":"https:\/\/api.w.org\/{rel}","templated":true}]}}