{"id":2367,"date":"2023-09-15T18:16:19","date_gmt":"2023-09-15T18:16:19","guid":{"rendered":"https:\/\/bioay.org\/?page_id=2367"},"modified":"2023-10-19T15:42:38","modified_gmt":"2023-10-19T15:42:38","slug":"ruta-del-cafe-cascada-el-leon","status":"publish","type":"page","link":"https:\/\/bioay.org\/?page_id=2367","title":{"rendered":"Ruta del Caf\u00e9 &#8211; Cascada El Le\u00f3n"},"content":{"rendered":"<p>[vc_row][vc_column][vc_column_text]<\/p>\r\n<p>La ca\u00edda de agua El Le\u00f3n obtiene sus aguas del R\u00edo Yezu y las precipita en dos pendientes, donde la de mayor altura alcanza los 16 metros.<\/p>\r\n\r\n<p>El agua que se precipita salpica por las paredes rocosas de la pendiente formando bellos arco\u00edris al ser captadas por los rayos solares. La ca\u00edda de agua El Le\u00f3n, se precipita hacia piscinas naturales de considerable profundidad, en las que es posible nadar, refrescarse, y hasta bucear. Para poder llegar hasta esta cascada, es necesario realizar una peque\u00f1a caminata de no m\u00e1s de cien metros desde el ingreso al lugar. Esta peque\u00f1a caminata, permite al visitante, ser testigo de una vista panor\u00e1mica de las ca\u00eddas de agua, gracias a la presencia del puente colgante sobre el que se tiene que pasar.<\/p>\r\n\r\n<p><strong>Contacto: 992005219<\/strong><\/p>\r\n\r\n\r\n\r\n<div class=\"wp-block-buttons is-layout-flex wp-block-buttons-is-layout-flex\">\r\n<div class=\"wp-block-button\"><a class=\"wp-block-button__link wp-element-button\" href=\"https:\/\/goo.gl\/maps\/JVogKGXoxxtm9Qk18\" target=\"_blank\" rel=\"noreferrer noopener\">Ubicaci\u00f3n en tiempo real<\/a><\/div>\r\n\r\n\r\n\r\n<div class=\"wp-block-button\"><a class=\"wp-block-button__link wp-element-button\" href=\"https:\/\/api.whatsapp.com\/send?phone=51992005219&amp;text=hola,%20vengo%20de%20la%20pagina%20BIOAY%20y%20deseo...\" target=\"_blank\" rel=\"noreferrer noopener\">Whatsapp<\/a><\/div>\r\n<\/div>\r\n\r\n<p>Precio referencial: entrada 2.50 soles adulto, menores 1.50 soles y adultos a partir de los 65 a\u00f1os no pagan<\/p>\r\n\n\t\t\t<style type='text\/css'>\n\t\t\t\t#gallery-1 {\n\t\t\t\t\tmargin: auto;\n\t\t\t\t}\n\t\t\t\t#gallery-1 .gallery-item {\n\t\t\t\t\tfloat: left;\n\t\t\t\t\tmargin-top: 10px;\n\t\t\t\t\ttext-align: center;\n\t\t\t\t\twidth: 33%;\n\t\t\t\t}\n\t\t\t\t#gallery-1 img {\n\t\t\t\t\tborder: 2px solid #cfcfcf;\n\t\t\t\t}\n\t\t\t\t#gallery-1 .gallery-caption {\n\t\t\t\t\tmargin-left: 0;\n\t\t\t\t}\n\t\t\t\t\/* see gallery_shortcode() in wp-includes\/media.php *\/\n\t\t\t<\/style>\n\t\t<div id='gallery-1' class='dt-gallery-container gallery galleryid-2367 gallery-columns-3 gallery-size-large'><dl class='gallery-item'>\n\t\t\t\t<dt class='gallery-icon landscape'>\n\t\t\t\t\t<a class='rollover rollover-zoom dt-pswp-item' title='29598023_436422193460650_5198751185868102543_n' data-dt-img-description='' data-large_image_width='960' data-large_image_height = '720'  href='https:\/\/bioay.org\/wp-content\/uploads\/2023\/09\/29598023_436422193460650_5198751185868102543_n.jpg'><img fetchpriority=\"high\" decoding=\"async\" width=\"960\" height=\"720\" src=\"https:\/\/bioay.org\/wp-content\/uploads\/2023\/09\/29598023_436422193460650_5198751185868102543_n.jpg\" class=\"attachment-large size-large\" alt=\"\" srcset=\"https:\/\/bioay.org\/wp-content\/uploads\/2023\/09\/29598023_436422193460650_5198751185868102543_n.jpg 960w, https:\/\/bioay.org\/wp-content\/uploads\/2023\/09\/29598023_436422193460650_5198751185868102543_n-300x225.jpg 300w, https:\/\/bioay.org\/wp-content\/uploads\/2023\/09\/29598023_436422193460650_5198751185868102543_n-768x576.jpg 768w\" sizes=\"(max-width: 960px) 100vw, 960px\" \/><\/a>\n\t\t\t\t<\/dt><\/dl><dl class='gallery-item'>\n\t\t\t\t<dt class='gallery-icon landscape'>\n\t\t\t\t\t<a class='rollover rollover-zoom dt-pswp-item' title='40986022_538751616561040_5470075914463215616_n' data-dt-img-description='' data-large_image_width='2048' data-large_image_height = '1536'  href='https:\/\/bioay.org\/wp-content\/uploads\/2023\/09\/40986022_538751616561040_5470075914463215616_n.jpg'><img decoding=\"async\" width=\"1024\" height=\"768\" src=\"https:\/\/bioay.org\/wp-content\/uploads\/2023\/09\/40986022_538751616561040_5470075914463215616_n-1024x768.jpg\" class=\"attachment-large size-large\" alt=\"\" srcset=\"https:\/\/bioay.org\/wp-content\/uploads\/2023\/09\/40986022_538751616561040_5470075914463215616_n-1024x768.jpg 1024w, https:\/\/bioay.org\/wp-content\/uploads\/2023\/09\/40986022_538751616561040_5470075914463215616_n-300x225.jpg 300w, https:\/\/bioay.org\/wp-content\/uploads\/2023\/09\/40986022_538751616561040_5470075914463215616_n-768x576.jpg 768w, https:\/\/bioay.org\/wp-content\/uploads\/2023\/09\/40986022_538751616561040_5470075914463215616_n-1536x1152.jpg 1536w, https:\/\/bioay.org\/wp-content\/uploads\/2023\/09\/40986022_538751616561040_5470075914463215616_n.jpg 2048w\" sizes=\"(max-width: 1024px) 100vw, 1024px\" \/><\/a>\n\t\t\t\t<\/dt><\/dl><dl class='gallery-item'>\n\t\t\t\t<dt class='gallery-icon landscape'>\n\t\t\t\t\t<a class='rollover rollover-zoom dt-pswp-item' title='Catarata_Leon' data-dt-img-description='' data-large_image_width='617' data-large_image_height = '410'  href='https:\/\/bioay.org\/wp-content\/uploads\/2023\/09\/Catarata_Leon.jpg'><img decoding=\"async\" width=\"617\" height=\"410\" src=\"https:\/\/bioay.org\/wp-content\/uploads\/2023\/09\/Catarata_Leon.jpg\" class=\"attachment-large size-large\" alt=\"\" srcset=\"https:\/\/bioay.org\/wp-content\/uploads\/2023\/09\/Catarata_Leon.jpg 617w, https:\/\/bioay.org\/wp-content\/uploads\/2023\/09\/Catarata_Leon-300x199.jpg 300w\" sizes=\"(max-width: 617px) 100vw, 617px\" \/><\/a>\n\t\t\t\t<\/dt><\/dl><br style=\"clear: both\" \/><dl class='gallery-item'>\n\t\t\t\t<dt class='gallery-icon portrait'>\n\t\t\t\t\t<a class='rollover rollover-zoom dt-pswp-item' title='326495671_3388079268071936_3063015915327467429_n' data-dt-img-description='' data-large_image_width='617' data-large_image_height = '925'  href='https:\/\/bioay.org\/wp-content\/uploads\/2023\/09\/326495671_3388079268071936_3063015915327467429_n.jpg'><img loading=\"lazy\" decoding=\"async\" width=\"617\" height=\"925\" src=\"https:\/\/bioay.org\/wp-content\/uploads\/2023\/09\/326495671_3388079268071936_3063015915327467429_n.jpg\" class=\"attachment-large size-large\" alt=\"\" srcset=\"https:\/\/bioay.org\/wp-content\/uploads\/2023\/09\/326495671_3388079268071936_3063015915327467429_n.jpg 617w, https:\/\/bioay.org\/wp-content\/uploads\/2023\/09\/326495671_3388079268071936_3063015915327467429_n-200x300.jpg 200w\" sizes=\"(max-width: 617px) 100vw, 617px\" \/><\/a>\n\t\t\t\t<\/dt><\/dl>\n\t\t\t\t<br style='clear: both' \/>\n\t\t\t<\/div>\n","protected":false},"excerpt":{"rendered":"<p>[vc_row][vc_column][vc_column_text] La ca\u00edda de agua El Le\u00f3n obtiene sus aguas del R\u00edo Yezu y las precipita en dos pendientes, donde la de mayor altura alcanza los 16 metros. El agua que se precipita salpica por las paredes rocosas de la pendiente formando bellos arco\u00edris al ser captadas por los rayos solares. La ca\u00edda de agua&hellip;<\/p>\n","protected":false},"author":4,"featured_media":0,"parent":0,"menu_order":0,"comment_status":"closed","ping_status":"closed","template":"","meta":{"_joinchat":[]},"class_list":["post-2367","page","type-page","status-publish","hentry","description-off"],"yoast_head":"<!-- This site is optimized with the Yoast SEO plugin v26.2 - https:\/\/yoast.com\/wordpress\/plugins\/seo\/ -->\n<title>Ruta del Caf\u00e9 - Cascada El Le\u00f3n - BIOAY<\/title>\n<meta name=\"robots\" content=\"index, follow, max-snippet:-1, max-image-preview:large, max-video-preview:-1\" \/>\n<link rel=\"canonical\" href=\"https:\/\/bioay.org\/?page_id=2367\" \/>\n<meta property=\"og:locale\" content=\"es_ES\" \/>\n<meta property=\"og:type\" content=\"article\" \/>\n<meta property=\"og:title\" content=\"Ruta del Caf\u00e9 - Cascada El Le\u00f3n - BIOAY\" \/>\n<meta property=\"og:description\" content=\"[vc_row][vc_column][vc_column_text] La ca\u00edda de agua El Le\u00f3n obtiene sus aguas del R\u00edo Yezu y las precipita en dos pendientes, donde la de mayor altura alcanza los 16 metros. El agua que se precipita salpica por las paredes rocosas de la pendiente formando bellos arco\u00edris al ser captadas por los rayos solares. La ca\u00edda de agua&hellip;\" \/>\n<meta property=\"og:url\" content=\"https:\/\/bioay.org\/?page_id=2367\" \/>\n<meta property=\"og:site_name\" content=\"BIOAY\" \/>\n<meta property=\"article:publisher\" content=\"https:\/\/web.facebook.com\/BIOAYOFICIAL\" \/>\n<meta property=\"article:modified_time\" content=\"2023-10-19T15:42:38+00:00\" \/>\n<meta property=\"og:image\" content=\"https:\/\/bioay.org\/wp-content\/uploads\/2023\/09\/29598023_436422193460650_5198751185868102543_n.jpg\" \/>\n<meta name=\"twitter:card\" content=\"summary_large_image\" \/>\n<meta name=\"twitter:site\" content=\"@biosferaoxa\" \/>\n<meta name=\"twitter:label1\" content=\"Tiempo de lectura\" \/>\n\t<meta name=\"twitter:data1\" content=\"1 minuto\" \/>\n<script type=\"application\/ld+json\" class=\"yoast-schema-graph\">{\"@context\":\"https:\/\/schema.org\",\"@graph\":[{\"@type\":\"WebPage\",\"@id\":\"https:\/\/bioay.org\/?page_id=2367\",\"url\":\"https:\/\/bioay.org\/?page_id=2367\",\"name\":\"Ruta del Caf\u00e9 - Cascada El Le\u00f3n - BIOAY\",\"isPartOf\":{\"@id\":\"https:\/\/bioay.org\/#website\"},\"datePublished\":\"2023-09-15T18:16:19+00:00\",\"dateModified\":\"2023-10-19T15:42:38+00:00\",\"breadcrumb\":{\"@id\":\"https:\/\/bioay.org\/?page_id=2367#breadcrumb\"},\"inLanguage\":\"es\",\"potentialAction\":[{\"@type\":\"ReadAction\",\"target\":[\"https:\/\/bioay.org\/?page_id=2367\"]}]},{\"@type\":\"BreadcrumbList\",\"@id\":\"https:\/\/bioay.org\/?page_id=2367#breadcrumb\",\"itemListElement\":[{\"@type\":\"ListItem\",\"position\":1,\"name\":\"Portada\",\"item\":\"https:\/\/bioay.org\/\"},{\"@type\":\"ListItem\",\"position\":2,\"name\":\"Ruta del Caf\u00e9 &#8211; Cascada El Le\u00f3n\"}]},{\"@type\":\"WebSite\",\"@id\":\"https:\/\/bioay.org\/#website\",\"url\":\"https:\/\/bioay.org\/\",\"name\":\"Reserva de Biosfera Oxapampa Ash\u00e1ninka Y\u00e1nesha\",\"description\":\"Reserva de Bi\u00f3sfera Oxapampa Ashaninka Yanesha\",\"publisher\":{\"@id\":\"https:\/\/bioay.org\/#organization\"},\"potentialAction\":[{\"@type\":\"SearchAction\",\"target\":{\"@type\":\"EntryPoint\",\"urlTemplate\":\"https:\/\/bioay.org\/?s={search_term_string}\"},\"query-input\":{\"@type\":\"PropertyValueSpecification\",\"valueRequired\":true,\"valueName\":\"search_term_string\"}}],\"inLanguage\":\"es\"},{\"@type\":\"Organization\",\"@id\":\"https:\/\/bioay.org\/#organization\",\"name\":\"Reserva de Biosfera Oxapampa Ash\u00e1ninka Y\u00e1nesha\",\"url\":\"https:\/\/bioay.org\/\",\"logo\":{\"@type\":\"ImageObject\",\"inLanguage\":\"es\",\"@id\":\"https:\/\/bioay.org\/#\/schema\/logo\/image\/\",\"url\":\"https:\/\/bioay.org\/wp-content\/uploads\/2020\/09\/logo-bioay-1.png\",\"contentUrl\":\"https:\/\/bioay.org\/wp-content\/uploads\/2020\/09\/logo-bioay-1.png\",\"width\":225,\"height\":225,\"caption\":\"Reserva de Biosfera Oxapampa Ash\u00e1ninka Y\u00e1nesha\"},\"image\":{\"@id\":\"https:\/\/bioay.org\/#\/schema\/logo\/image\/\"},\"sameAs\":[\"https:\/\/web.facebook.com\/BIOAYOFICIAL\",\"https:\/\/x.com\/biosferaoxa\",\"https:\/\/www.instagram.com\/biosferaoxapampa\/\",\"https:\/\/www.youtube.com\/channel\/UCKNpZrZsnVsKI4YgsaiTCbA\"]}]}<\/script>\n<!-- \/ Yoast SEO plugin. -->","yoast_head_json":{"title":"Ruta del Caf\u00e9 - Cascada El Le\u00f3n - BIOAY","robots":{"index":"index","follow":"follow","max-snippet":"max-snippet:-1","max-image-preview":"max-image-preview:large","max-video-preview":"max-video-preview:-1"},"canonical":"https:\/\/bioay.org\/?page_id=2367","og_locale":"es_ES","og_type":"article","og_title":"Ruta del Caf\u00e9 - Cascada El Le\u00f3n - BIOAY","og_description":"[vc_row][vc_column][vc_column_text] La ca\u00edda de agua El Le\u00f3n obtiene sus aguas del R\u00edo Yezu y las precipita en dos pendientes, donde la de mayor altura alcanza los 16 metros. El agua que se precipita salpica por las paredes rocosas de la pendiente formando bellos arco\u00edris al ser captadas por los rayos solares. La ca\u00edda de agua&hellip;","og_url":"https:\/\/bioay.org\/?page_id=2367","og_site_name":"BIOAY","article_publisher":"https:\/\/web.facebook.com\/BIOAYOFICIAL","article_modified_time":"2023-10-19T15:42:38+00:00","og_image":[{"url":"https:\/\/bioay.org\/wp-content\/uploads\/2023\/09\/29598023_436422193460650_5198751185868102543_n.jpg","type":"","width":"","height":""}],"twitter_card":"summary_large_image","twitter_site":"@biosferaoxa","twitter_misc":{"Tiempo de lectura":"1 minuto"},"schema":{"@context":"https:\/\/schema.org","@graph":[{"@type":"WebPage","@id":"https:\/\/bioay.org\/?page_id=2367","url":"https:\/\/bioay.org\/?page_id=2367","name":"Ruta del Caf\u00e9 - Cascada El Le\u00f3n - BIOAY","isPartOf":{"@id":"https:\/\/bioay.org\/#website"},"datePublished":"2023-09-15T18:16:19+00:00","dateModified":"2023-10-19T15:42:38+00:00","breadcrumb":{"@id":"https:\/\/bioay.org\/?page_id=2367#breadcrumb"},"inLanguage":"es","potentialAction":[{"@type":"ReadAction","target":["https:\/\/bioay.org\/?page_id=2367"]}]},{"@type":"BreadcrumbList","@id":"https:\/\/bioay.org\/?page_id=2367#breadcrumb","itemListElement":[{"@type":"ListItem","position":1,"name":"Portada","item":"https:\/\/bioay.org\/"},{"@type":"ListItem","position":2,"name":"Ruta del Caf\u00e9 &#8211; Cascada El Le\u00f3n"}]},{"@type":"WebSite","@id":"https:\/\/bioay.org\/#website","url":"https:\/\/bioay.org\/","name":"Reserva de Biosfera Oxapampa Ash\u00e1ninka Y\u00e1nesha","description":"Reserva de Bi\u00f3sfera Oxapampa Ashaninka Yanesha","publisher":{"@id":"https:\/\/bioay.org\/#organization"},"potentialAction":[{"@type":"SearchAction","target":{"@type":"EntryPoint","urlTemplate":"https:\/\/bioay.org\/?s={search_term_string}"},"query-input":{"@type":"PropertyValueSpecification","valueRequired":true,"valueName":"search_term_string"}}],"inLanguage":"es"},{"@type":"Organization","@id":"https:\/\/bioay.org\/#organization","name":"Reserva de Biosfera Oxapampa Ash\u00e1ninka Y\u00e1nesha","url":"https:\/\/bioay.org\/","logo":{"@type":"ImageObject","inLanguage":"es","@id":"https:\/\/bioay.org\/#\/schema\/logo\/image\/","url":"https:\/\/bioay.org\/wp-content\/uploads\/2020\/09\/logo-bioay-1.png","contentUrl":"https:\/\/bioay.org\/wp-content\/uploads\/2020\/09\/logo-bioay-1.png","width":225,"height":225,"caption":"Reserva de Biosfera Oxapampa Ash\u00e1ninka Y\u00e1nesha"},"image":{"@id":"https:\/\/bioay.org\/#\/schema\/logo\/image\/"},"sameAs":["https:\/\/web.facebook.com\/BIOAYOFICIAL","https:\/\/x.com\/biosferaoxa","https:\/\/www.instagram.com\/biosferaoxapampa\/","https:\/\/www.youtube.com\/channel\/UCKNpZrZsnVsKI4YgsaiTCbA"]}]}},"_links":{"self":[{"href":"https:\/\/bioay.org\/index.php?rest_route=\/wp\/v2\/pages\/2367","targetHints":{"allow":["GET"]}}],"collection":[{"href":"https:\/\/bioay.org\/index.php?rest_route=\/wp\/v2\/pages"}],"about":[{"href":"https:\/\/bioay.org\/index.php?rest_route=\/wp\/v2\/types\/page"}],"author":[{"embeddable":true,"href":"https:\/\/bioay.org\/index.php?rest_route=\/wp\/v2\/users\/4"}],"replies":[{"embeddable":true,"href":"https:\/\/bioay.org\/index.php?rest_route=%2Fwp%2Fv2%2Fcomments&post=2367"}],"version-history":[{"count":5,"href":"https:\/\/bioay.org\/index.php?rest_route=\/wp\/v2\/pages\/2367\/revisions"}],"predecessor-version":[{"id":2553,"href":"https:\/\/bioay.org\/index.php?rest_route=\/wp\/v2\/pages\/2367\/revisions\/2553"}],"wp:attachment":[{"href":"https:\/\/bioay.org\/index.php?rest_route=%2Fwp%2Fv2%2Fmedia&parent=2367"}],"curies":[{"name":"wp","href":"https:\/\/api.w.org\/{rel}","templated":true}]}}