{"id":2807,"date":"2024-12-11T20:53:12","date_gmt":"2024-12-11T20:53:12","guid":{"rendered":"https:\/\/bioay.org\/?page_id=2807"},"modified":"2024-12-18T14:20:01","modified_gmt":"2024-12-18T14:20:01","slug":"ruta-paraiso-ecologico-achankell","status":"publish","type":"page","link":"https:\/\/bioay.org\/?page_id=2807","title":{"rendered":"Ruta Para\u00edso Ecol\u00f3gico Achank\u00ebll"},"content":{"rendered":"\n<h2 class=\"wp-block-heading\">Ruta Para\u00edso Ecol\u00f3gico Achank\u00ebll<\/h2>\n\n\n\n<p>La presente Ruta Tur\u00edstica  ha sido reconocida mediante ORDENANZA MUNICIPAL N\u00b0 006-2024-MDP y corresponde al distrito de Palcaz\u00fa de la Reserva de Biosfera Oxapampa Ash\u00e1ninka Y\u00e1nesha. Dicho distrito se encuentra ubicada en el departamento de Pasco en la selva central del Per\u00fa. Toma su nombre del r\u00edo Palcaz\u00fa que recorre el distrito de sur a norte, se encuentra ubicado al noreste de la capital de la provincia limitando con los siguientes distritos:<\/p>\n\n\n\n<ul class=\"wp-block-list\">\n<li>Por el Norte con el distrito del Codo de Pozuzo \u2013 Provincia de Puerto Inca, Regi\u00f3n Hu\u00e1nuco.<\/li>\n\n\n\n<li>Por el Noreste con el distrito de Constituci\u00f3n.<\/li>\n\n\n\n<li>Por el Sur con el distrito de Villa Rica y Oxapampa.<\/li>\n\n\n\n<li>Por el oeste con el distrito de Huancabamba y Pozuzo.<\/li>\n<\/ul>\n\n\n\n<p>Su extensi\u00f3n comprende 2,868 km<sup>2<\/sup>, siendo las coordenadas geogr\u00e1ficas: Latitud: -10.1847, Longitud: -75.15 a 302 metros sobre el nivel del mar, siendo la localidad de Iscozac\u00edn la capital del distrito.<\/p>\n\n\n\n<p>Su poblaci\u00f3n evidencia ascendencia de colonos Austro alemanes y pueblos originarios, entre sus potencialidades destacan la gastronom\u00eda, la cultura y sus bell\u00edsimos atractivos tur\u00edsticos. Palcaz\u00fa es uno de los lugares mas m\u00edticos de la BIOAY. \u00bfQu\u00e9 esperas? \u00a1Visita la el Para\u00edso Ecol\u00f3gico Achankell!<\/p>\n\n\n\n<p class=\"has-text-align-center\"><strong>Haz clic en la imagen<\/strong><\/p>\n\n\n<div class=\"wp-block-image is-style-default\">\n<figure class=\"aligncenter is-resized\" id=\"https:\/\/padlet.com\/alegm2704\/la-ruta-para-so-ecol-gico-achankell-bv4hgqfeb4vav24q\"><a href=\"https:\/\/padlet.com\/alegm2704\/la-ruta-para-so-ecol-gico-achankell-bv4hgqfeb4vav24q\"><img fetchpriority=\"high\" decoding=\"async\" width=\"1005\" height=\"1024\" src=\"https:\/\/bioay.org\/wp-content\/uploads\/2024\/12\/ingreso-achankell-2-1005x1024.png\" alt=\"\" class=\"wp-image-2813\" style=\"width:399px;height:auto\" srcset=\"https:\/\/bioay.org\/wp-content\/uploads\/2024\/12\/ingreso-achankell-2-1005x1024.png 1005w, https:\/\/bioay.org\/wp-content\/uploads\/2024\/12\/ingreso-achankell-2-294x300.png 294w, https:\/\/bioay.org\/wp-content\/uploads\/2024\/12\/ingreso-achankell-2-768x783.png 768w, https:\/\/bioay.org\/wp-content\/uploads\/2024\/12\/ingreso-achankell-2-1507x1536.png 1507w, https:\/\/bioay.org\/wp-content\/uploads\/2024\/12\/ingreso-achankell-2-2009x2048.png 2009w\" sizes=\"(max-width: 1005px) 100vw, 1005px\" \/><\/a><\/figure><\/div>","protected":false},"excerpt":{"rendered":"<p>Ruta Para\u00edso Ecol\u00f3gico Achank\u00ebll La presente Ruta Tur\u00edstica ha sido reconocida mediante ORDENANZA MUNICIPAL N\u00b0 006-2024-MDP y corresponde al distrito de Palcaz\u00fa de la Reserva de Biosfera Oxapampa Ash\u00e1ninka Y\u00e1nesha. Dicho distrito se encuentra ubicada en el departamento de Pasco en la selva central del Per\u00fa. Toma su nombre del r\u00edo Palcaz\u00fa que recorre el&hellip;<\/p>\n","protected":false},"author":4,"featured_media":0,"parent":0,"menu_order":0,"comment_status":"closed","ping_status":"closed","template":"","meta":{"_joinchat":{"telephone":"941130704"}},"class_list":["post-2807","page","type-page","status-publish","hentry","description-off"],"yoast_head":"<!-- This site is optimized with the Yoast SEO plugin v26.2 - https:\/\/yoast.com\/wordpress\/plugins\/seo\/ -->\n<title>Ruta Para\u00edso Ecol\u00f3gico Achank\u00ebll - BIOAY<\/title>\n<meta name=\"robots\" content=\"index, follow, max-snippet:-1, max-image-preview:large, max-video-preview:-1\" \/>\n<link rel=\"canonical\" href=\"https:\/\/bioay.org\/?page_id=2807\" \/>\n<meta property=\"og:locale\" content=\"es_ES\" \/>\n<meta property=\"og:type\" content=\"article\" \/>\n<meta property=\"og:title\" content=\"Ruta Para\u00edso Ecol\u00f3gico Achank\u00ebll - BIOAY\" \/>\n<meta property=\"og:description\" content=\"Ruta Para\u00edso Ecol\u00f3gico Achank\u00ebll La presente Ruta Tur\u00edstica ha sido reconocida mediante ORDENANZA MUNICIPAL N\u00b0 006-2024-MDP y corresponde al distrito de Palcaz\u00fa de la Reserva de Biosfera Oxapampa Ash\u00e1ninka Y\u00e1nesha. Dicho distrito se encuentra ubicada en el departamento de Pasco en la selva central del Per\u00fa. Toma su nombre del r\u00edo Palcaz\u00fa que recorre el&hellip;\" \/>\n<meta property=\"og:url\" content=\"https:\/\/bioay.org\/?page_id=2807\" \/>\n<meta property=\"og:site_name\" content=\"BIOAY\" \/>\n<meta property=\"article:publisher\" content=\"https:\/\/web.facebook.com\/BIOAYOFICIAL\" \/>\n<meta property=\"article:modified_time\" content=\"2024-12-18T14:20:01+00:00\" \/>\n<meta property=\"og:image\" content=\"https:\/\/bioay.org\/wp-content\/uploads\/2024\/12\/ingreso-achankell-2-1005x1024.png\" \/>\n<meta name=\"twitter:card\" content=\"summary_large_image\" \/>\n<meta name=\"twitter:site\" content=\"@biosferaoxa\" \/>\n<meta name=\"twitter:label1\" content=\"Tiempo de lectura\" \/>\n\t<meta name=\"twitter:data1\" content=\"1 minuto\" \/>\n<script type=\"application\/ld+json\" class=\"yoast-schema-graph\">{\"@context\":\"https:\/\/schema.org\",\"@graph\":[{\"@type\":\"WebPage\",\"@id\":\"https:\/\/bioay.org\/?page_id=2807\",\"url\":\"https:\/\/bioay.org\/?page_id=2807\",\"name\":\"Ruta Para\u00edso Ecol\u00f3gico Achank\u00ebll - BIOAY\",\"isPartOf\":{\"@id\":\"https:\/\/bioay.org\/#website\"},\"primaryImageOfPage\":{\"@id\":\"https:\/\/bioay.org\/?page_id=2807#primaryimage\"},\"image\":{\"@id\":\"https:\/\/bioay.org\/?page_id=2807#primaryimage\"},\"thumbnailUrl\":\"https:\/\/bioay.org\/wp-content\/uploads\/2024\/12\/ingreso-achankell-2-1005x1024.png\",\"datePublished\":\"2024-12-11T20:53:12+00:00\",\"dateModified\":\"2024-12-18T14:20:01+00:00\",\"breadcrumb\":{\"@id\":\"https:\/\/bioay.org\/?page_id=2807#breadcrumb\"},\"inLanguage\":\"es\",\"potentialAction\":[{\"@type\":\"ReadAction\",\"target\":[\"https:\/\/bioay.org\/?page_id=2807\"]}]},{\"@type\":\"ImageObject\",\"inLanguage\":\"es\",\"@id\":\"https:\/\/bioay.org\/?page_id=2807#primaryimage\",\"url\":\"https:\/\/bioay.org\/wp-content\/uploads\/2024\/12\/ingreso-achankell-2-1005x1024.png\",\"contentUrl\":\"https:\/\/bioay.org\/wp-content\/uploads\/2024\/12\/ingreso-achankell-2-1005x1024.png\"},{\"@type\":\"BreadcrumbList\",\"@id\":\"https:\/\/bioay.org\/?page_id=2807#breadcrumb\",\"itemListElement\":[{\"@type\":\"ListItem\",\"position\":1,\"name\":\"Portada\",\"item\":\"https:\/\/bioay.org\/\"},{\"@type\":\"ListItem\",\"position\":2,\"name\":\"Ruta Para\u00edso Ecol\u00f3gico Achank\u00ebll\"}]},{\"@type\":\"WebSite\",\"@id\":\"https:\/\/bioay.org\/#website\",\"url\":\"https:\/\/bioay.org\/\",\"name\":\"Reserva de Biosfera Oxapampa Ash\u00e1ninka Y\u00e1nesha\",\"description\":\"Reserva de Bi\u00f3sfera Oxapampa Ashaninka Yanesha\",\"publisher\":{\"@id\":\"https:\/\/bioay.org\/#organization\"},\"potentialAction\":[{\"@type\":\"SearchAction\",\"target\":{\"@type\":\"EntryPoint\",\"urlTemplate\":\"https:\/\/bioay.org\/?s={search_term_string}\"},\"query-input\":{\"@type\":\"PropertyValueSpecification\",\"valueRequired\":true,\"valueName\":\"search_term_string\"}}],\"inLanguage\":\"es\"},{\"@type\":\"Organization\",\"@id\":\"https:\/\/bioay.org\/#organization\",\"name\":\"Reserva de Biosfera Oxapampa Ash\u00e1ninka Y\u00e1nesha\",\"url\":\"https:\/\/bioay.org\/\",\"logo\":{\"@type\":\"ImageObject\",\"inLanguage\":\"es\",\"@id\":\"https:\/\/bioay.org\/#\/schema\/logo\/image\/\",\"url\":\"https:\/\/bioay.org\/wp-content\/uploads\/2020\/09\/logo-bioay-1.png\",\"contentUrl\":\"https:\/\/bioay.org\/wp-content\/uploads\/2020\/09\/logo-bioay-1.png\",\"width\":225,\"height\":225,\"caption\":\"Reserva de Biosfera Oxapampa Ash\u00e1ninka Y\u00e1nesha\"},\"image\":{\"@id\":\"https:\/\/bioay.org\/#\/schema\/logo\/image\/\"},\"sameAs\":[\"https:\/\/web.facebook.com\/BIOAYOFICIAL\",\"https:\/\/x.com\/biosferaoxa\",\"https:\/\/www.instagram.com\/biosferaoxapampa\/\",\"https:\/\/www.youtube.com\/channel\/UCKNpZrZsnVsKI4YgsaiTCbA\"]}]}<\/script>\n<!-- \/ Yoast SEO plugin. -->","yoast_head_json":{"title":"Ruta Para\u00edso Ecol\u00f3gico Achank\u00ebll - BIOAY","robots":{"index":"index","follow":"follow","max-snippet":"max-snippet:-1","max-image-preview":"max-image-preview:large","max-video-preview":"max-video-preview:-1"},"canonical":"https:\/\/bioay.org\/?page_id=2807","og_locale":"es_ES","og_type":"article","og_title":"Ruta Para\u00edso Ecol\u00f3gico Achank\u00ebll - BIOAY","og_description":"Ruta Para\u00edso Ecol\u00f3gico Achank\u00ebll La presente Ruta Tur\u00edstica ha sido reconocida mediante ORDENANZA MUNICIPAL N\u00b0 006-2024-MDP y corresponde al distrito de Palcaz\u00fa de la Reserva de Biosfera Oxapampa Ash\u00e1ninka Y\u00e1nesha. Dicho distrito se encuentra ubicada en el departamento de Pasco en la selva central del Per\u00fa. Toma su nombre del r\u00edo Palcaz\u00fa que recorre el&hellip;","og_url":"https:\/\/bioay.org\/?page_id=2807","og_site_name":"BIOAY","article_publisher":"https:\/\/web.facebook.com\/BIOAYOFICIAL","article_modified_time":"2024-12-18T14:20:01+00:00","og_image":[{"url":"https:\/\/bioay.org\/wp-content\/uploads\/2024\/12\/ingreso-achankell-2-1005x1024.png","type":"","width":"","height":""}],"twitter_card":"summary_large_image","twitter_site":"@biosferaoxa","twitter_misc":{"Tiempo de lectura":"1 minuto"},"schema":{"@context":"https:\/\/schema.org","@graph":[{"@type":"WebPage","@id":"https:\/\/bioay.org\/?page_id=2807","url":"https:\/\/bioay.org\/?page_id=2807","name":"Ruta Para\u00edso Ecol\u00f3gico Achank\u00ebll - BIOAY","isPartOf":{"@id":"https:\/\/bioay.org\/#website"},"primaryImageOfPage":{"@id":"https:\/\/bioay.org\/?page_id=2807#primaryimage"},"image":{"@id":"https:\/\/bioay.org\/?page_id=2807#primaryimage"},"thumbnailUrl":"https:\/\/bioay.org\/wp-content\/uploads\/2024\/12\/ingreso-achankell-2-1005x1024.png","datePublished":"2024-12-11T20:53:12+00:00","dateModified":"2024-12-18T14:20:01+00:00","breadcrumb":{"@id":"https:\/\/bioay.org\/?page_id=2807#breadcrumb"},"inLanguage":"es","potentialAction":[{"@type":"ReadAction","target":["https:\/\/bioay.org\/?page_id=2807"]}]},{"@type":"ImageObject","inLanguage":"es","@id":"https:\/\/bioay.org\/?page_id=2807#primaryimage","url":"https:\/\/bioay.org\/wp-content\/uploads\/2024\/12\/ingreso-achankell-2-1005x1024.png","contentUrl":"https:\/\/bioay.org\/wp-content\/uploads\/2024\/12\/ingreso-achankell-2-1005x1024.png"},{"@type":"BreadcrumbList","@id":"https:\/\/bioay.org\/?page_id=2807#breadcrumb","itemListElement":[{"@type":"ListItem","position":1,"name":"Portada","item":"https:\/\/bioay.org\/"},{"@type":"ListItem","position":2,"name":"Ruta Para\u00edso Ecol\u00f3gico Achank\u00ebll"}]},{"@type":"WebSite","@id":"https:\/\/bioay.org\/#website","url":"https:\/\/bioay.org\/","name":"Reserva de Biosfera Oxapampa Ash\u00e1ninka Y\u00e1nesha","description":"Reserva de Bi\u00f3sfera Oxapampa Ashaninka Yanesha","publisher":{"@id":"https:\/\/bioay.org\/#organization"},"potentialAction":[{"@type":"SearchAction","target":{"@type":"EntryPoint","urlTemplate":"https:\/\/bioay.org\/?s={search_term_string}"},"query-input":{"@type":"PropertyValueSpecification","valueRequired":true,"valueName":"search_term_string"}}],"inLanguage":"es"},{"@type":"Organization","@id":"https:\/\/bioay.org\/#organization","name":"Reserva de Biosfera Oxapampa Ash\u00e1ninka Y\u00e1nesha","url":"https:\/\/bioay.org\/","logo":{"@type":"ImageObject","inLanguage":"es","@id":"https:\/\/bioay.org\/#\/schema\/logo\/image\/","url":"https:\/\/bioay.org\/wp-content\/uploads\/2020\/09\/logo-bioay-1.png","contentUrl":"https:\/\/bioay.org\/wp-content\/uploads\/2020\/09\/logo-bioay-1.png","width":225,"height":225,"caption":"Reserva de Biosfera Oxapampa Ash\u00e1ninka Y\u00e1nesha"},"image":{"@id":"https:\/\/bioay.org\/#\/schema\/logo\/image\/"},"sameAs":["https:\/\/web.facebook.com\/BIOAYOFICIAL","https:\/\/x.com\/biosferaoxa","https:\/\/www.instagram.com\/biosferaoxapampa\/","https:\/\/www.youtube.com\/channel\/UCKNpZrZsnVsKI4YgsaiTCbA"]}]}},"_links":{"self":[{"href":"https:\/\/bioay.org\/index.php?rest_route=\/wp\/v2\/pages\/2807","targetHints":{"allow":["GET"]}}],"collection":[{"href":"https:\/\/bioay.org\/index.php?rest_route=\/wp\/v2\/pages"}],"about":[{"href":"https:\/\/bioay.org\/index.php?rest_route=\/wp\/v2\/types\/page"}],"author":[{"embeddable":true,"href":"https:\/\/bioay.org\/index.php?rest_route=\/wp\/v2\/users\/4"}],"replies":[{"embeddable":true,"href":"https:\/\/bioay.org\/index.php?rest_route=%2Fwp%2Fv2%2Fcomments&post=2807"}],"version-history":[{"count":14,"href":"https:\/\/bioay.org\/index.php?rest_route=\/wp\/v2\/pages\/2807\/revisions"}],"predecessor-version":[{"id":2834,"href":"https:\/\/bioay.org\/index.php?rest_route=\/wp\/v2\/pages\/2807\/revisions\/2834"}],"wp:attachment":[{"href":"https:\/\/bioay.org\/index.php?rest_route=%2Fwp%2Fv2%2Fmedia&parent=2807"}],"curies":[{"name":"wp","href":"https:\/\/api.w.org\/{rel}","templated":true}]}}